{"id":20133,"date":"2025-11-30T08:39:45","date_gmt":"2025-11-30T08:39:45","guid":{"rendered":"https:\/\/foyeye.com\/product\/timetang-summer-gladiator-rome-casual-sandals-women-shoes-sandalia-feminina-genuine-leather-wedge-heel-comfort-sandals\/"},"modified":"2025-12-02T04:02:21","modified_gmt":"2025-12-02T04:02:21","slug":"timetang-summer-gladiator-rome-casual-sandals-women-shoes-sandalia-feminina-genuine-leather-wedge-heel-comfort-sandals","status":"publish","type":"product","link":"https:\/\/foyeye.com\/fr\/produit\/timetang-summer-gladiator-rome-casual-sandals-women-shoes-sandalia-feminina-genuine-leather-wedge-heel-comfort-sandals\/","title":{"rendered":"TIMETANG Summer Gladiator Rome Casual Sandals Women Shoes Sandalia Feminina Genuine Leather Wedge Heel Comfort Sandals"},"content":{"rendered":"<div class=\"detailmodule_html\">\n<div class=\"detail-desc-decorate-richtext\">\n<p style=\"font-size:0px\">fashion women shoes slip on woman loafer wholesale flats shoes sneakers causal nurse shoes woman round toe flexible driving loafer<\/p>\n<p><img decoding=\"async\" src=\"http:\/\/ae01.alicdn.com\/kf\/HTB13ccxRXXXXXXoXpXXq6xXFXXXc.jpg?size=41868&amp;height=121&amp;width=950&amp;hash=8e12a0b5330ce261116579f5ef06d0bf\" \/><\/p>\n<div style=\"font-family:arial;font-size:13px;line-height:18px;border-bottom:0px;border-left:0px;border-right:0px;border-top:0px;margin:0px;margin-bottom:0px;margin-top:0px;margin-left:0px;margin-right:0px;padding:0px;padding-bottom:0px;padding-top:0px;padding-left:0px;padding-right:0px\"><img decoding=\"async\" style=\"font-family:arial, verdana, sans-serif;font-size:12px\" src=\"http:\/\/ae01.alicdn.com\/kf\/HTB1Y07qRXXXXXXXXFXXq6xXFXXXk.jpg?size=14240&amp;height=67&amp;width=950&amp;hash=104388bdf803bf38a50417aa23e46fed\" \/><img fetchpriority=\"high\" decoding=\"async\" style=\"font-family:arial, verdana, sans-serif;font-size:12px\" width=\"908\" height=\"952\" src=\"http:\/\/ae01.alicdn.com\/kf\/HTB1GwevQVXXXXXdapXXq6xXFXXX1.jpg\" \/><\/div>\n<div style=\"font-family:arial;font-size:13px;line-height:18px;border-bottom:0px;border-left:0px;border-right:0px;border-top:0px;margin:0px;margin-bottom:0px;margin-top:0px;margin-left:0px;margin-right:0px;padding:0px;padding-bottom:0px;padding-top:0px;padding-left:0px;padding-right:0px\">\n<p style=\"font-family:arial, helvetica, sans-serif;line-height:16.9px;border:0px;margin:0px;margin-bottom:0px;margin-top:0px;margin-left:0px;margin-right:0px;padding:0px;padding-bottom:0px;padding-top:0px;padding-left:0px;padding-right:0px\"><img decoding=\"async\" src=\"http:\/\/ae01.alicdn.com\/kf\/HTB1edC7yY5YBuNjSspoq6zeNFXaz.jpg\" \/><img decoding=\"async\" src=\"http:\/\/ae01.alicdn.com\/kf\/HTB1CCKny4SYBuNjSsphq6zGvVXar.jpg\" \/><img decoding=\"async\" src=\"http:\/\/ae01.alicdn.com\/kf\/HTB1_bTjy7CWBuNjy0Faq6xUlXXaj.jpg\" \/><img decoding=\"async\" src=\"http:\/\/ae01.alicdn.com\/kf\/HTB1PnkNy9tYBeNjSspaq6yOOFXaT.jpg\" \/><img decoding=\"async\" src=\"http:\/\/ae01.alicdn.com\/kf\/HTB1gCDoiHwrBKNjSZPcq6xpapXah.jpg\" \/><img decoding=\"async\" src=\"http:\/\/ae01.alicdn.com\/kf\/HTB1eoGjqTXYBeNkHFrdq6AiuVXaB.jpg\" \/><img decoding=\"async\" src=\"http:\/\/ae01.alicdn.com\/kf\/HTB1mxhtqOCYBuNkSnaVq6AMsVXab.jpg\" \/><img decoding=\"async\" src=\"http:\/\/ae01.alicdn.com\/kf\/HTB1XZTjy7CWBuNjy0Faq6xUlXXaS.jpg\" \/><img decoding=\"async\" src=\"http:\/\/ae01.alicdn.com\/kf\/HTB1mkzFyYSYBuNjSspfq6AZCpXaq.jpg\" \/><img decoding=\"async\" src=\"http:\/\/ae01.alicdn.com\/kf\/HTB1b9S_yY1YBuNjSszeq6yblFXaU.jpg\" \/><img decoding=\"async\" src=\"http:\/\/ae01.alicdn.com\/kf\/HTB17NFPqTdYBeNkSmLyq6xfnVXaa.jpg\" \/><img decoding=\"async\" src=\"http:\/\/ae01.alicdn.com\/kf\/HTB1eht.qOOYBuNjSsD4q6zSkFXaZ.jpg\" \/><img decoding=\"async\" src=\"http:\/\/ae01.alicdn.com\/kf\/HTB1XyHEyY9YBuNjy0Fgq6AxcXXaK.jpg\" \/><img decoding=\"async\" src=\"http:\/\/ae01.alicdn.com\/kf\/HTB1TQHFyYSYBuNjSspfq6AZCpXaS.jpg\" \/><img decoding=\"async\" src=\"http:\/\/ae01.alicdn.com\/kf\/HTB1ZZdvqLiSBuNkSnhJq6zDcpXa6.jpg\" \/><img decoding=\"async\" src=\"http:\/\/ae01.alicdn.com\/kf\/HTB1o.X.qLuSBuNkHFqDq6xfhVXaC.jpg\" \/><img decoding=\"async\" src=\"http:\/\/ae01.alicdn.com\/kf\/HTB1zpw0iIj_B1NjSZFHq6yDWpXaB.jpg\" \/><img decoding=\"async\" src=\"http:\/\/ae01.alicdn.com\/kf\/HTB1_GGkqTXYBeNkHFrdq6AiuVXaP.jpg\" \/><img decoding=\"async\" src=\"http:\/\/ae01.alicdn.com\/kf\/HTB1fCPGyL5TBuNjSspmq6yDRVXa2.jpg\" \/><\/p>\n<p style=\"font-family:arial, helvetica, sans-serif;line-height:16.9px;border:0px;margin:0px;margin-bottom:0px;margin-top:0px;margin-left:0px;margin-right:0px;padding:0px;padding-bottom:0px;padding-top:0px;padding-left:0px;padding-right:0px\"><span style=\"font-size:13.3333px;font-family:arial\"><span style=\"font-size:inherit\"><span style=\"font-size:16px\">REMARQUE !!!<\/span><\/span><\/span><\/p>\n<div style=\"font-size:13.3333px;line-height:inherit;border:0px;margin:0px;margin-bottom:0px;margin-top:0px;margin-left:0px;margin-right:0px;padding:0px;padding-bottom:0px;padding-top:0px;padding-left:0px;padding-right:0px\"><span style=\"font-size:inherit\"><span style=\"font-size:16px\">1.About color\u00a0<\/span><\/span><\/div>\n<div style=\"font-size:13.3333px;line-height:inherit;border:0px;margin:0px;margin-bottom:0px;margin-top:0px;margin-left:0px;margin-right:0px;padding:0px;padding-bottom:0px;padding-top:0px;padding-left:0px;padding-right:0px\"><img decoding=\"async\" src=\"http:\/\/ae01.alicdn.com\/kf\/HTB1cBwERXXXXXbsXXXXq6xXFXXX2.jpg?size=21805&amp;height=192&amp;width=800&amp;hash=2bbe93d9175e398904e1eb040f2b84f4\" \/><\/div>\n<div style=\"font-size:13.3333px;line-height:inherit;border:0px;margin:0px;margin-bottom:0px;margin-top:0px;margin-left:0px;margin-right:0px;padding:0px;padding-bottom:0px;padding-top:0px;padding-left:0px;padding-right:0px\"><span style=\"font-size:16px\">Si vous avez des doutes sur les photos que nous montrons, vous pouvez nous demander les vraies photos. Les mod\u00e8les pr\u00e9sent\u00e9s peuvent avoir quelques<\/span><\/div>\n<div style=\"font-size:13.3333px;line-height:inherit;border:0px;margin:0px;margin-bottom:0px;margin-top:0px;margin-left:0px;margin-right:0px;padding:0px;padding-bottom:0px;padding-top:0px;padding-left:0px;padding-right:0px\"><span style=\"font-size:16px\">diff\u00e9rence avec les vrais !<\/span><\/div>\n<div style=\"font-size:13.3333px;line-height:inherit;border:0px;margin:0px;margin-bottom:0px;margin-top:0px;margin-left:0px;margin-right:0px;padding:0px;padding-bottom:0px;padding-top:0px;padding-left:0px;padding-right:0px\"><span style=\"font-size:inherit\"><span style=\"font-size:16px\">\u00a02.About size\u00a0<\/span><\/span><\/div>\n<div style=\"font-size:13.3333px;line-height:inherit;border:0px;margin:0px;margin-bottom:0px;margin-top:0px;margin-left:0px;margin-right:0px;padding:0px;padding-bottom:0px;padding-top:0px;padding-left:0px;padding-right:0px\"><span style=\"font-size:16px\">Veuillez noter que si votre pied est \u00e9pais ou large, nous vous sugg\u00e9rons de choisir une taille au-dessus.<\/span><\/div>\n<div style=\"font-size:13.3333px;line-height:inherit;border:0px;margin:0px;margin-bottom:0px;margin-top:0px;margin-left:0px;margin-right:0px;padding:0px;padding-bottom:0px;padding-top:0px;padding-left:0px;padding-right:0px\"><span style=\"font-size:16px\">avant de passer commande !<\/span><\/div>\n<div style=\"font-size:13.3333px;line-height:inherit;border:0px;margin:0px;margin-bottom:0px;margin-top:0px;margin-left:0px;margin-right:0px;padding:0px;padding-bottom:0px;padding-top:0px;padding-left:0px;padding-right:0px\"><\/div>\n<div style=\"font-size:13.3333px;line-height:inherit;border:0px;margin:0px;margin-bottom:0px;margin-top:0px;margin-left:0px;margin-right:0px;padding:0px;padding-bottom:0px;padding-top:0px;padding-left:0px;padding-right:0px\"><span style=\"font-size:16px\">\u00a0 \u00a0 \u00a0 \u00a0 Shipping tracking number will file in order after shipped,you can track of it.<\/span><\/div>\n<div style=\"font-size:13.3333px;line-height:inherit;border:0px;margin:0px;margin-bottom:0px;margin-top:0px;margin-left:0px;margin-right:0px;padding:0px;padding-bottom:0px;padding-top:0px;padding-left:0px;padding-right:0px\"><\/div>\n<div style=\"font-size:13.3333px;line-height:inherit;border:0px;margin:0px;margin-bottom:0px;margin-top:0px;margin-left:0px;margin-right:0px;padding:0px;padding-bottom:0px;padding-top:0px;padding-left:0px;padding-right:0px\"><span style=\"font-size:inherit\"><span style=\"font-size:inherit\"><span style=\"font-size:16px\">Retour d'information :<\/span><\/span><\/span><\/div>\n<div style=\"font-size:13.3333px;line-height:inherit;border:0px;margin:0px;margin-bottom:0px;margin-top:0px;margin-left:0px;margin-right:0px;padding:0px;padding-bottom:0px;padding-top:0px;padding-left:0px;padding-right:0px\"><span style=\"font-size:16px\">1 Nous d\u00e9pendons de votre satisfaction pour r\u00e9ussir, c'est pourquoi le retour d'information est extr\u00eamement important pour nous, veuillez envoyer un bon retour d'information.<\/span><\/div>\n<div style=\"font-size:13.3333px;line-height:inherit;border:0px;margin:0px;margin-bottom:0px;margin-top:0px;margin-left:0px;margin-right:0px;padding:0px;padding-bottom:0px;padding-top:0px;padding-left:0px;padding-right:0px\"><\/div>\n<div style=\"font-size:13.3333px;line-height:inherit;border:0px;margin:0px;margin-bottom:0px;margin-top:0px;margin-left:0px;margin-right:0px;padding:0px;padding-bottom:0px;padding-top:0px;padding-left:0px;padding-right:0px\"><span style=\"font-size:16px\">2 Nous appr\u00e9cions toujours nos clients et nous essayons de nous occuper d'eux, merci de nous donner la possibilit\u00e9 de r\u00e9soudre tout probl\u00e8me.<\/span><\/div>\n<div style=\"font-size:13.3333px;line-height:inherit;border:0px;margin:0px;margin-bottom:0px;margin-top:0px;margin-left:0px;margin-right:0px;padding:0px;padding-bottom:0px;padding-top:0px;padding-left:0px;padding-right:0px\"><span style=\"font-size:16px\">des probl\u00e8mes qui peuvent vous contrarier et vous frustrer.<\/span><\/div>\n<div style=\"font-size:13.3333px;line-height:inherit;border:0px;margin:0px;margin-bottom:0px;margin-top:0px;margin-left:0px;margin-right:0px;padding:0px;padding-bottom:0px;padding-top:0px;padding-left:0px;padding-right:0px\"><\/div>\n<div style=\"font-size:13.3333px;line-height:inherit;border:0px;margin:0px;margin-bottom:0px;margin-top:0px;margin-left:0px;margin-right:0px;padding:0px;padding-bottom:0px;padding-top:0px;padding-left:0px;padding-right:0px\"><span style=\"font-size:16px\">3\u00a0Please send us E-mail first before you want to leave negative feedback or dispute on Aliexpress,we are sure<\/span><\/div>\n<div style=\"font-size:13.3333px;line-height:inherit;border:0px;margin:0px;margin-bottom:0px;margin-top:0px;margin-left:0px;margin-right:0px;padding:0px;padding-bottom:0px;padding-top:0px;padding-left:0px;padding-right:0px\"><span style=\"font-size:16px\">you will feel satisfactory with our answer.<\/span><\/div>\n<div style=\"font-size:13.3333px;line-height:inherit;border:0px;margin:0px;margin-bottom:0px;margin-top:0px;margin-left:0px;margin-right:0px;padding:0px;padding-bottom:0px;padding-top:0px;padding-left:0px;padding-right:0px\"><span style=\"font-size:16px\">\u00a0Nous vous invitons \u00e0 commander \u00e0 nouveau et nous vous ferons b\u00e9n\u00e9ficier d'une remise suppl\u00e9mentaire.<\/span><\/div>\n<div style=\"font-size:13.3333px;line-height:inherit;border:0px;margin:0px;margin-bottom:0px;margin-top:0px;margin-left:0px;margin-right:0px;padding:0px;padding-bottom:0px;padding-top:0px;padding-left:0px;padding-right:0px\"><img decoding=\"async\" src=\"http:\/\/ae01.alicdn.com\/kf\/HTB1g9nVRXXXXXcIapXXq6xXFXXX7.jpg?size=26839&amp;height=113&amp;width=710&amp;hash=afb6f159056a512882d06eee617ac214\" \/><\/div>\n<div style=\"font-size:13.3333px;line-height:inherit;border:0px;margin:0px;margin-bottom:0px;margin-top:0px;margin-left:0px;margin-right:0px;padding:0px;padding-bottom:0px;padding-top:0px;padding-left:0px;padding-right:0px\"><\/div>\n<div style=\"font-size:13.3333px;line-height:inherit;border:0px;margin:0px;margin-bottom:0px;margin-top:0px;margin-left:0px;margin-right:0px;padding:0px;padding-bottom:0px;padding-top:0px;padding-left:0px;padding-right:0px\"><img decoding=\"async\" style=\"font-size:0px;font-weight:inherit;line-height:inherit;color:transparent;border:0px;margin:0px;margin-bottom:0px;margin-top:0px;margin-left:0px;margin-right:0px;padding:0px;padding-bottom:0px;padding-top:0px;padding-left:0px;padding-right:0px\" src=\"http:\/\/ae01.alicdn.com\/kf\/HTB1vn_FPFXXXXcyXFXXq6xXFXXX4.jpg?size=333808&amp;height=381&amp;width=800&amp;hash=8093eee259ffad08304b22384265a138\" \/><\/div>\n<div style=\"font-size:13.3333px;line-height:inherit;border:0px;margin:0px;margin-bottom:0px;margin-top:0px;margin-left:0px;margin-right:0px;padding:0px;padding-bottom:0px;padding-top:0px;padding-left:0px;padding-right:0px\"><img decoding=\"async\" style=\"font-size:0px;font-weight:inherit;line-height:inherit;color:transparent;border:0px;margin:0px;margin-bottom:0px;margin-top:0px;margin-left:0px;margin-right:0px;padding:0px;padding-bottom:0px;padding-top:0px;padding-left:0px;padding-right:0px\" src=\"http:\/\/ae01.alicdn.com\/kf\/HTB1xgvzPFXXXXbFXVXXq6xXFXXXp.jpg?size=216617&amp;height=382&amp;width=800&amp;hash=e47d18df634af1ab045ce20e7052cfa6\" \/><\/div>\n<\/div>\n<\/div>\n<\/div>\n<p><\/p>","protected":false},"excerpt":{"rendered":"<p>fashion women shoes slip on woman loafer wholesale flats shoes sneakers causal nurse shoes woman round toe flexible driving loafer NOTE!!! 1.About color\u00a0 If you are hesitate about the pictures we show, you can ask us for the real photos. Model shows may have some difference with the real ones ! \u00a02.About size\u00a0 Pls note [&#8230;]","protected":false},"featured_media":20135,"comment_status":"open","ping_status":"closed","template":"","meta":[],"product_brand":[],"product_cat":[],"product_tag":[],"class_list":{"0":"post-20133","1":"product","2":"type-product","3":"status-publish","4":"has-post-thumbnail","6":"pa_color-black","7":"pa_color-red","9":"first","10":"instock","11":"shipping-taxable","12":"purchasable","13":"product-type-variable"},"_links":{"self":[{"href":"https:\/\/foyeye.com\/fr\/wp-json\/wp\/v2\/product\/20133","targetHints":{"allow":["GET"]}}],"collection":[{"href":"https:\/\/foyeye.com\/fr\/wp-json\/wp\/v2\/product"}],"about":[{"href":"https:\/\/foyeye.com\/fr\/wp-json\/wp\/v2\/types\/product"}],"replies":[{"embeddable":true,"href":"https:\/\/foyeye.com\/fr\/wp-json\/wp\/v2\/comments?post=20133"}],"version-history":[{"count":1,"href":"https:\/\/foyeye.com\/fr\/wp-json\/wp\/v2\/product\/20133\/revisions"}],"predecessor-version":[{"id":22810,"href":"https:\/\/foyeye.com\/fr\/wp-json\/wp\/v2\/product\/20133\/revisions\/22810"}],"wp:featuredmedia":[{"embeddable":true,"href":"https:\/\/foyeye.com\/fr\/wp-json\/wp\/v2\/media\/20135"}],"wp:attachment":[{"href":"https:\/\/foyeye.com\/fr\/wp-json\/wp\/v2\/media?parent=20133"}],"wp:term":[{"taxonomy":"product_brand","embeddable":true,"href":"https:\/\/foyeye.com\/fr\/wp-json\/wp\/v2\/product_brand?post=20133"},{"taxonomy":"product_cat","embeddable":true,"href":"https:\/\/foyeye.com\/fr\/wp-json\/wp\/v2\/product_cat?post=20133"},{"taxonomy":"product_tag","embeddable":true,"href":"https:\/\/foyeye.com\/fr\/wp-json\/wp\/v2\/product_tag?post=20133"}],"curies":[{"name":"wp","href":"https:\/\/api.w.org\/{rel}","templated":true}]}}