{"id":20479,"date":"2025-11-30T08:40:22","date_gmt":"2025-11-30T08:40:22","guid":{"rendered":"https:\/\/foyeye.com\/product\/timetang-women-zipper-ankle-boots-ladies-warm-winter-short-plush-short-boot-female-non-slip-pu-leather-shoes-comfort-soft-shoe\/"},"modified":"2025-12-02T04:02:17","modified_gmt":"2025-12-02T04:02:17","slug":"timetang-women-zipper-ankle-boots-ladies-warm-winter-short-plush-short-boot-female-non-slip-pu-leather-shoes-comfort-soft-shoe","status":"publish","type":"product","link":"https:\/\/foyeye.com\/fr\/produit\/timetang-women-zipper-ankle-boots-ladies-warm-winter-short-plush-short-boot-female-non-slip-pu-leather-shoes-comfort-soft-shoe\/","title":{"rendered":"TIMETANG Women Zipper Ankle Boots Ladies Warm Winter Short Plush Short Boot Female Non Slip Pu Leather Shoes Comfort Soft Shoe"},"content":{"rendered":"<div class=\"detailmodule_html\">\n<div class=\"detail-desc-decorate-richtext\">\n<div>\n<p><img decoding=\"async\" src=\"http:\/\/ae01.alicdn.com\/kf\/HTB13ccxRXXXXXXoXpXXq6xXFXXXc.jpg?size=41868&amp;height=121&amp;width=950&amp;hash=8e12a0b5330ce261116579f5ef06d0bf\" \/><\/p>\n<p><img decoding=\"async\" src=\"https:\/\/ae01.alicdn.com\/kf\/S5846bd48d53c476e8e47ba147494b263c.jpg?width=899&amp;height=880&amp;hash=1779\" \/><a href=\"http:\/\/www.aliexpress.com\/store\/product\/Women-Ankle-Boots-for-Rabbit-Fur-New-Fashion-Waterproof-Wedge-Platform-Winter-Warm-Snow-Boots-Shoes\/920660_32745942819.html?spm=2114.12010612.0.0.dkuFUS\" target=\"_self\" class=\"\"><img decoding=\"async\" src=\"http:\/\/ae01.alicdn.com\/kf\/HTB1HBlgRpXXXXc8XpXXq6xXFXXXC.jpg?size=39254&amp;height=230&amp;width=230&amp;hash=197e2362c10454af65159229b7e87a70\" \/><\/a><a href=\"http:\/\/www.aliexpress.com\/store\/product\/wholesale-Women-Winter-snow-boots-for-Lady-With-cotton-warm-shoes-size-35-40-free-shipping\/920660_32393818337.html?spm=2114.12010612.0.0.TFcbVg\" target=\"_self\" class=\"\"><img decoding=\"async\" src=\"http:\/\/ae01.alicdn.com\/kf\/HTB1r87ORXXXXXX8aXXXq6xXFXXXe.jpg?size=43686&amp;height=230&amp;width=230&amp;hash=46e2d8362e4ad56e8580bebb1bcea4ac\" \/><\/a><a href=\"http:\/\/www.aliexpress.com\/store\/product\/wholesale-Australia-Classic-Tall-Bailey-Button-Snow-Boots-Women-s-Real-Leather-Winter-Classic-Short-Shoes\/920660_32394947182.html?spm=2114.12010612.0.0.bIxU43\" target=\"_self\" class=\"\"><img decoding=\"async\" src=\"http:\/\/ae01.alicdn.com\/kf\/HTB1HcNjRpXXXXb0XpXXq6xXFXXXr.jpg?size=36886&amp;height=230&amp;width=230&amp;hash=fcd0d40ff9f2fe62bc72ba7b1fa88ac1\" \/><\/a><a href=\"http:\/\/www.aliexpress.com\/store\/product\/new-2014-ladies-vintage-casual-shoes-women-fashion-ankle-boots-flat-heel-motorcycle-boots-artifical-leather\/920660_32406082250.html?spm=2114.12010612.0.0.WKLJRs\" target=\"_self\" class=\"\"><img decoding=\"async\" src=\"http:\/\/ae01.alicdn.com\/kf\/HTB1FsxuRpXXXXb_XXXXq6xXFXXXD.jpg?size=40190&amp;height=230&amp;width=230&amp;hash=a0b259048bd5328ee9a3e98851d65933\" \/><\/a><\/p>\n<p><a href=\"http:\/\/www.aliexpress.com\/store\/product\/Women-s-Motorcycle-Ankle-Boots-Genuine-Leather-Spring-Autumn-2016-Casual-Shoes-For-Woman-Military-botas\/920660_32742535217.html?spm=2114.12010612.0.0.OgNm6N\" target=\"_self\" class=\"\"><img decoding=\"async\" src=\"http:\/\/ae01.alicdn.com\/kf\/HTB1Tf7TRXXXXXX.aXXXq6xXFXXXc.jpg?size=38653&amp;height=230&amp;width=230&amp;hash=4e5100d146685c8fb8a7b7a3ae5147ba\" \/><\/a><a href=\"http:\/\/www.aliexpress.com\/store\/product\/Brand-Designers-2016-New-Spring-Autumn-Women-Shoes-Black-High-Heels-Boots-Lacing-Platform-Ankle-Boots\/920660_32742566485.html?spm=2114.12010612.0.0.mk13yS\" target=\"_self\" class=\"\"><img decoding=\"async\" src=\"http:\/\/ae01.alicdn.com\/kf\/HTB1Xi.6RXXXXXaxXVXXq6xXFXXXR.jpg?size=37761&amp;height=230&amp;width=230&amp;hash=1f7a2c8d1b798123a8af447aa5a2079c\" \/><\/a><a href=\"http:\/\/www.aliexpress.com\/store\/product\/Winter-new-motorcycle-leather-short-boots-in-Europe-and-America-skull-Martin-Ms-snow-boots-women\/920660_32392671519.html?spm=2114.12010612.0.0.Qrves2\" target=\"_self\" class=\"\"><img decoding=\"async\" src=\"http:\/\/ae01.alicdn.com\/kf\/HTB1jFU4RXXXXXayXVXXq6xXFXXXb.jpg?size=47495&amp;height=230&amp;width=230&amp;hash=061bc8c232d953863426ae275624f37d\" \/><\/a><a href=\"http:\/\/www.aliexpress.com\/store\/product\/2016-New-Women-s-Fashion-Winter-Warm-Genuine-Leather-Ankle-Boots-Women-Oblique-Zipper-Floral-Boots\/920660_32742666818.html?spm=2114.12010612.0.0.hc3bnI\" target=\"_self\" class=\"\"><img decoding=\"async\" src=\"http:\/\/ae01.alicdn.com\/kf\/HTB1uu.HRXXXXXXOapXXq6xXFXXXC.jpg?size=42240&amp;height=230&amp;width=230&amp;hash=b5b73daacd876ad039e428a3b8c0d672\" \/><\/a><\/p>\n<div style=\"font-family:verdana;line-height:18px;margin:0px;margin-bottom:0px;margin-top:0px;margin-left:0px;margin-right:0px;padding:0px 0px 0px 0em;padding-bottom:0px;padding-top:0px;padding-right:0px\"><\/div>\n<div style=\"font-family:verdana;line-height:18px;margin:0px;margin-bottom:0px;margin-top:0px;margin-left:0px;margin-right:0px;padding:0px 0px 0px 0em;padding-bottom:0px;padding-top:0px;padding-right:0px\"><\/div>\n<div style=\"font-family:verdana;line-height:18px;margin:0px;margin-bottom:0px;margin-top:0px;margin-left:0px;margin-right:0px;padding:0px 0px 0px 0em;padding-bottom:0px;padding-top:0px;padding-right:0px\">\n<div><img decoding=\"async\" src=\"https:\/\/ae01.alicdn.com\/kf\/H92e54b5295634ab58cfa54497a1779d2e.jpg\" \/><img decoding=\"async\" src=\"https:\/\/ae01.alicdn.com\/kf\/H5810158260ef4957883f6a89b0618e8aC.jpg\" \/><img decoding=\"async\" src=\"https:\/\/ae01.alicdn.com\/kf\/H7e1d9894b41b48c4a222759f0124dc3eB.jpg\" \/><img decoding=\"async\" src=\"https:\/\/ae01.alicdn.com\/kf\/Heca512bc81264fe9a3706cabbaaf202d0.jpg\" \/><img decoding=\"async\" src=\"https:\/\/ae01.alicdn.com\/kf\/H8bfa016e0cb3431089040c827e9335c5V.jpg\" \/><img decoding=\"async\" src=\"https:\/\/ae01.alicdn.com\/kf\/H304692143f584db48dbefe7627ece7cei.jpg\" \/><img decoding=\"async\" src=\"https:\/\/ae01.alicdn.com\/kf\/H90102803178f49e195cb7954f5d335ddJ.jpg\" \/><img decoding=\"async\" src=\"https:\/\/ae01.alicdn.com\/kf\/He552e575085b43cf808a49791f7b9809m.jpg\" \/><img decoding=\"async\" src=\"https:\/\/ae01.alicdn.com\/kf\/H4c06642b56354c1a8bf62928e79fc2d3L.jpg\" \/><img decoding=\"async\" src=\"https:\/\/ae01.alicdn.com\/kf\/H0d3ae4d34489485fa3ac0ee9f9d26865v.jpg\" \/><img decoding=\"async\" src=\"https:\/\/ae01.alicdn.com\/kf\/H3bd8192c1ef240708ee47667ff35669eS.jpg\" \/><img decoding=\"async\" src=\"https:\/\/ae01.alicdn.com\/kf\/Hff80926878d843b09cd63b456ee4a9fbp.jpg\" \/><img decoding=\"async\" src=\"https:\/\/ae01.alicdn.com\/kf\/Hb1a3c1db1083446aaa40ab346d3917b7V.jpg\" \/><img decoding=\"async\" src=\"https:\/\/ae01.alicdn.com\/kf\/H46c8f18a04074589aee611d341968146x.jpg\" \/><img decoding=\"async\" src=\"https:\/\/ae01.alicdn.com\/kf\/H4457e48e854b408bb23b949b0f8d0e43M.jpg\" \/><img decoding=\"async\" src=\"https:\/\/ae01.alicdn.com\/kf\/H23009e1ba5064942a9ec51c0ac974961W.jpg\" \/><img decoding=\"async\" src=\"https:\/\/ae01.alicdn.com\/kf\/H70ae921f28994bc7b25f55d3d3843e8eV.jpg\" \/><img decoding=\"async\" src=\"https:\/\/ae01.alicdn.com\/kf\/H6e6a3c436a9f41b1848b9f8d27718044D.jpg\" \/><img decoding=\"async\" src=\"https:\/\/ae01.alicdn.com\/kf\/Ha34f55637d194ee984a1388a552e6bban.jpg\" \/><img decoding=\"async\" src=\"https:\/\/ae01.alicdn.com\/kf\/H9f68218af896431db225dbadce78c432d.jpg\" \/><img decoding=\"async\" src=\"https:\/\/ae01.alicdn.com\/kf\/H5dcdaba8ae7b41eb98975dd81f4e6efeF.jpg\" \/><img decoding=\"async\" src=\"https:\/\/ae01.alicdn.com\/kf\/H201a73ef0b0640d0af391ac52d7e6097E.jpg\" \/><img decoding=\"async\" src=\"https:\/\/ae01.alicdn.com\/kf\/Hfbbcae7c259541e3af92243fc9facf78v.jpg\" \/><img decoding=\"async\" src=\"https:\/\/ae01.alicdn.com\/kf\/He46ed1428998476eb5b770b12bcfd625r.jpg\" \/><\/div>\n<div>\n<p><img fetchpriority=\"high\" decoding=\"async\" width=\"800\" height=\"454\" src=\"http:\/\/ae01.alicdn.com\/kf\/HTB1d6.bRXXXXXXVaXXXq6xXFXXXX.jpg\" \/><\/p>\n<p><img decoding=\"async\" src=\"http:\/\/ae01.alicdn.com\/kf\/HTB1.jQwRXXXXXa9XpXXq6xXFXXXc.jpg?size=173713&amp;height=1092&amp;width=800&amp;hash=ad1336878c117af7ba78fba4df215118\" \/><\/p>\n<div>\u00a0<\/div>\n<p style=\"font-family:arial, helvetica, sans-serif;font-size:13px;line-height:16.9px;border:0px;margin:0px;margin-bottom:0px;margin-top:0px;margin-left:0px;margin-right:0px;padding:0px 0px 0px 0em;padding-bottom:0px;padding-top:0px;padding-right:0px\"><span style=\"font-size:13.3333px;font-family:arial\"><span style=\"font-size:inherit\"><span style=\"font-size:16px\">REMARQUE !!!<\/span><\/span><\/span><\/p>\n<div style=\"font-family:arial;font-size:13.3333px;line-height:inherit;border:0px;margin:0px;margin-bottom:0px;margin-top:0px;margin-left:0px;margin-right:0px;padding:0px 0px 0px 0em;padding-bottom:0px;padding-top:0px;padding-right:0px\"><\/div>\n<div style=\"font-family:arial;font-size:13.3333px;line-height:inherit;border:0px;margin:0px;margin-bottom:0px;margin-top:0px;margin-left:0px;margin-right:0px;padding:0px 0px 0px 0em;padding-bottom:0px;padding-top:0px;padding-right:0px\"><span style=\"font-size:inherit\"><span style=\"font-size:16px\">1.About color<\/span><\/span><\/div>\n<div style=\"font-family:arial;font-size:13.3333px;line-height:inherit;border:0px;margin:0px;margin-bottom:0px;margin-top:0px;margin-left:0px;margin-right:0px;padding:0px 0px 0px 0em;padding-bottom:0px;padding-top:0px;padding-right:0px\"><img decoding=\"async\" src=\"http:\/\/ae01.alicdn.com\/kf\/HTB1cBwERXXXXXbsXXXXq6xXFXXX2.jpg?size=21805&amp;height=192&amp;width=800&amp;hash=2bbe93d9175e398904e1eb040f2b84f4\" \/><\/div>\n<div style=\"font-family:arial;font-size:13.3333px;line-height:inherit;border:0px;margin:0px;margin-bottom:0px;margin-top:0px;margin-left:0px;margin-right:0px;padding:0px 0px 0px 0em;padding-bottom:0px;padding-top:0px;padding-right:0px\"><span style=\"font-size:16px\">Si vous avez des doutes sur les photos que nous montrons, vous pouvez nous demander les vraies photos. Les mod\u00e8les pr\u00e9sent\u00e9s peuvent avoir quelques<\/span><\/div>\n<div style=\"font-family:arial;font-size:13.3333px;line-height:inherit;border:0px;margin:0px;margin-bottom:0px;margin-top:0px;margin-left:0px;margin-right:0px;padding:0px 0px 0px 0em;padding-bottom:0px;padding-top:0px;padding-right:0px\"><span style=\"font-size:16px\">diff\u00e9rence avec les vrais !<\/span><\/div>\n<div style=\"font-family:arial;font-size:13.3333px;line-height:inherit;border:0px;margin:0px;margin-bottom:0px;margin-top:0px;margin-left:0px;margin-right:0px;padding:0px 0px 0px 0em;padding-bottom:0px;padding-top:0px;padding-right:0px\"><span style=\"font-size:inherit\"><span style=\"font-size:16px\">2.About size<\/span><\/span><\/div>\n<div style=\"font-family:arial;font-size:13.3333px;line-height:inherit;border:0px;margin:0px;margin-bottom:0px;margin-top:0px;margin-left:0px;margin-right:0px;padding:0px 0px 0px 0em;padding-bottom:0px;padding-top:0px;padding-right:0px\"><span style=\"font-size:16px\">Veuillez noter que si votre pied est \u00e9pais ou large, nous vous sugg\u00e9rons de choisir une taille au-dessus.<\/span><\/div>\n<div style=\"font-family:arial;font-size:13.3333px;line-height:inherit;border:0px;margin:0px;margin-bottom:0px;margin-top:0px;margin-left:0px;margin-right:0px;padding:0px 0px 0px 0em;padding-bottom:0px;padding-top:0px;padding-right:0px\"><span style=\"font-size:16px\">avant de passer commande !<\/span><\/div>\n<div style=\"font-family:arial;font-size:13.3333px;line-height:inherit;border:0px;margin:0px;margin-bottom:0px;margin-top:0px;margin-left:0px;margin-right:0px;padding:0px 0px 0px 0em;padding-bottom:0px;padding-top:0px;padding-right:0px\"><\/div>\n<div style=\"font-family:arial;font-size:13.3333px;line-height:inherit;border:0px;margin:0px;margin-bottom:0px;margin-top:0px;margin-left:0px;margin-right:0px;padding:0px 0px 0px 0em;padding-bottom:0px;padding-top:0px;padding-right:0px\"><span style=\"font-size:16px\">Shipping tracking number will file in order after shipped,you can track of it.<\/span><\/div>\n<div style=\"font-family:arial;font-size:13.3333px;line-height:inherit;border:0px;margin:0px;margin-bottom:0px;margin-top:0px;margin-left:0px;margin-right:0px;padding:0px 0px 0px 0em;padding-bottom:0px;padding-top:0px;padding-right:0px\"><\/div>\n<div style=\"font-family:arial;font-size:13.3333px;line-height:inherit;border:0px;margin:0px;margin-bottom:0px;margin-top:0px;margin-left:0px;margin-right:0px;padding:0px 0px 0px 0em;padding-bottom:0px;padding-top:0px;padding-right:0px\"><span style=\"font-size:inherit\"><span style=\"font-size:inherit\"><span style=\"font-size:16px\">Retour d'information :<\/span><\/span><\/span><\/div>\n<div style=\"font-family:arial;font-size:13.3333px;line-height:inherit;border:0px;margin:0px;margin-bottom:0px;margin-top:0px;margin-left:0px;margin-right:0px;padding:0px 0px 0px 0em;padding-bottom:0px;padding-top:0px;padding-right:0px\"><span style=\"font-size:16px\">1 Nous d\u00e9pendons de votre satisfaction pour r\u00e9ussir, c'est pourquoi le retour d'information est extr\u00eamement important pour nous, veuillez envoyer un bon retour d'information.<\/span><\/div>\n<div style=\"font-family:arial;font-size:13.3333px;line-height:inherit;border:0px;margin:0px;margin-bottom:0px;margin-top:0px;margin-left:0px;margin-right:0px;padding:0px 0px 0px 0em;padding-bottom:0px;padding-top:0px;padding-right:0px\"><\/div>\n<div style=\"font-family:arial;font-size:13.3333px;line-height:inherit;border:0px;margin:0px;margin-bottom:0px;margin-top:0px;margin-left:0px;margin-right:0px;padding:0px 0px 0px 0em;padding-bottom:0px;padding-top:0px;padding-right:0px\"><span style=\"font-size:16px\">2 Nous appr\u00e9cions toujours nos clients et nous essayons de nous occuper d'eux, merci de nous donner la possibilit\u00e9 de r\u00e9soudre tout probl\u00e8me.<\/span><\/div>\n<div style=\"font-family:arial;font-size:13.3333px;line-height:inherit;border:0px;margin:0px;margin-bottom:0px;margin-top:0px;margin-left:0px;margin-right:0px;padding:0px 0px 0px 0em;padding-bottom:0px;padding-top:0px;padding-right:0px\"><span style=\"font-size:16px\">des probl\u00e8mes qui peuvent vous contrarier et vous frustrer.<\/span><\/div>\n<div style=\"font-family:arial;font-size:13.3333px;line-height:inherit;border:0px;margin:0px;margin-bottom:0px;margin-top:0px;margin-left:0px;margin-right:0px;padding:0px 0px 0px 0em;padding-bottom:0px;padding-top:0px;padding-right:0px\"><\/div>\n<div style=\"font-family:arial;font-size:13.3333px;line-height:inherit;border:0px;margin:0px;margin-bottom:0px;margin-top:0px;margin-left:0px;margin-right:0px;padding:0px 0px 0px 0em;padding-bottom:0px;padding-top:0px;padding-right:0px\"><span style=\"font-size:16px\">3\u00a0Please send us E-mail first before you want to leave negative feedback or dispute on Aliexpress,we are sure<\/span><\/div>\n<div style=\"font-family:arial;font-size:13.3333px;line-height:inherit;border:0px;margin:0px;margin-bottom:0px;margin-top:0px;margin-left:0px;margin-right:0px;padding:0px 0px 0px 0em;padding-bottom:0px;padding-top:0px;padding-right:0px\"><span style=\"font-size:16px\">you will feel satisfactory with our answer.<\/span><\/div>\n<div style=\"font-family:arial;font-size:13.3333px;line-height:inherit;border:0px;margin:0px;margin-bottom:0px;margin-top:0px;margin-left:0px;margin-right:0px;padding:0px 0px 0px 0em;padding-bottom:0px;padding-top:0px;padding-right:0px\"><span style=\"font-size:16px\">Nous vous invitons \u00e0 commander \u00e0 nouveau et nous vous ferons b\u00e9n\u00e9ficier d'une remise suppl\u00e9mentaire.<\/span><\/div>\n<div style=\"font-family:arial;font-size:13.3333px;line-height:inherit;border:0px;margin:0px;margin-bottom:0px;margin-top:0px;margin-left:0px;margin-right:0px;padding:0px 0px 0px 0em;padding-bottom:0px;padding-top:0px;padding-right:0px\"><img decoding=\"async\" src=\"http:\/\/ae01.alicdn.com\/kf\/HTB1g9nVRXXXXXcIapXXq6xXFXXX7.jpg?size=26839&amp;height=113&amp;width=710&amp;hash=afb6f159056a512882d06eee617ac214\" \/><\/div>\n<div style=\"font-family:arial;font-size:13.3333px;line-height:inherit;border:0px;margin:0px;margin-bottom:0px;margin-top:0px;margin-left:0px;margin-right:0px;padding:0px 0px 0px 0em;padding-bottom:0px;padding-top:0px;padding-right:0px\"><\/div>\n<div style=\"font-family:arial;font-size:13.3333px;line-height:inherit;border:0px;margin:0px;margin-bottom:0px;margin-top:0px;margin-left:0px;margin-right:0px;padding:0px 0px 0px 0em;padding-bottom:0px;padding-top:0px;padding-right:0px\"><img decoding=\"async\" style=\"font-size:0px;font-weight:inherit;line-height:inherit;color:transparent;border:0px;margin:0px;margin-bottom:0px;margin-top:0px;margin-left:0px;margin-right:0px;padding:0px;padding-bottom:0px;padding-top:0px;padding-left:0px;padding-right:0px\" src=\"http:\/\/ae01.alicdn.com\/kf\/HTB1vn_FPFXXXXcyXFXXq6xXFXXX4.jpg?size=333808&amp;height=381&amp;width=800&amp;hash=8093eee259ffad08304b22384265a138\" \/><\/div>\n<div style=\"font-family:arial;font-size:13.3333px;line-height:inherit;border:0px;margin:0px;margin-bottom:0px;margin-top:0px;margin-left:0px;margin-right:0px;padding:0px 0px 0px 0em;padding-bottom:0px;padding-top:0px;padding-right:0px\"><img decoding=\"async\" style=\"font-size:0px;font-weight:inherit;line-height:inherit;color:transparent;border:0px;margin:0px;margin-bottom:0px;margin-top:0px;margin-left:0px;margin-right:0px;padding:0px;padding-bottom:0px;padding-top:0px;padding-left:0px;padding-right:0px\" src=\"http:\/\/ae01.alicdn.com\/kf\/HTB1xgvzPFXXXXbFXVXXq6xXFXXXp.jpg?size=216617&amp;height=382&amp;width=800&amp;hash=e47d18df634af1ab045ce20e7052cfa6\" \/><\/div>\n<\/div>\n<\/div>\n<div><\/div>\n<\/div>\n<p><\/p>\n<\/div>\n<\/div>\n<p>  <\/p>","protected":false},"excerpt":{"rendered":"<p>\u00a0 NOTE!!! 1.About color If you are hesitate about the pictures we show, you can ask us for the real photos. Model shows may have some difference with the real ones ! 2.About size Pls note if your foot is thick or wide,we suggest you choose one size larger ,So please measures the size of [&#8230;]","protected":false},"featured_media":20480,"comment_status":"open","ping_status":"closed","template":"","meta":[],"product_brand":[],"product_cat":[],"product_tag":[],"class_list":{"0":"post-20479","1":"product","2":"type-product","3":"status-publish","4":"has-post-thumbnail","6":"pa_color-beige","7":"pa_color-short-plush-black","8":"pa_color-short-plush-red","9":"pa_color-short-plush-white","10":"pa_color-without-plush-black","11":"pa_color-without-plush-red","12":"pa_color-without-plush-white","13":"pa_color-brown","14":"pa_color-black","15":"pa_color-red","17":"first","18":"instock","19":"shipping-taxable","20":"purchasable","21":"product-type-variable"},"_links":{"self":[{"href":"https:\/\/foyeye.com\/fr\/wp-json\/wp\/v2\/product\/20479","targetHints":{"allow":["GET"]}}],"collection":[{"href":"https:\/\/foyeye.com\/fr\/wp-json\/wp\/v2\/product"}],"about":[{"href":"https:\/\/foyeye.com\/fr\/wp-json\/wp\/v2\/types\/product"}],"replies":[{"embeddable":true,"href":"https:\/\/foyeye.com\/fr\/wp-json\/wp\/v2\/comments?post=20479"}],"version-history":[{"count":1,"href":"https:\/\/foyeye.com\/fr\/wp-json\/wp\/v2\/product\/20479\/revisions"}],"predecessor-version":[{"id":22801,"href":"https:\/\/foyeye.com\/fr\/wp-json\/wp\/v2\/product\/20479\/revisions\/22801"}],"wp:featuredmedia":[{"embeddable":true,"href":"https:\/\/foyeye.com\/fr\/wp-json\/wp\/v2\/media\/20480"}],"wp:attachment":[{"href":"https:\/\/foyeye.com\/fr\/wp-json\/wp\/v2\/media?parent=20479"}],"wp:term":[{"taxonomy":"product_brand","embeddable":true,"href":"https:\/\/foyeye.com\/fr\/wp-json\/wp\/v2\/product_brand?post=20479"},{"taxonomy":"product_cat","embeddable":true,"href":"https:\/\/foyeye.com\/fr\/wp-json\/wp\/v2\/product_cat?post=20479"},{"taxonomy":"product_tag","embeddable":true,"href":"https:\/\/foyeye.com\/fr\/wp-json\/wp\/v2\/product_tag?post=20479"}],"curies":[{"name":"wp","href":"https:\/\/api.w.org\/{rel}","templated":true}]}}