{"id":20674,"date":"2025-11-30T08:40:40","date_gmt":"2025-11-30T08:40:40","guid":{"rendered":"https:\/\/foyeye.com\/product\/2025-women-spring-women-flat-shoes-leather-casual-moccasins-female-fashion-lace-up-moccasins-mother-shoes-comfort-shoes\/"},"modified":"2025-12-02T04:02:15","modified_gmt":"2025-12-02T04:02:15","slug":"2025-women-spring-women-flat-shoes-leather-casual-moccasins-female-fashion-lace-up-moccasins-mother-shoes-comfort-shoes","status":"publish","type":"product","link":"https:\/\/foyeye.com\/fr\/produit\/2025-women-spring-women-flat-shoes-leather-casual-moccasins-female-fashion-lace-up-moccasins-mother-shoes-comfort-shoes\/","title":{"rendered":"2025 Women spring women flat shoes leather casual moccasins female fashion lace-up moccasins mother shoes comfort shoes"},"content":{"rendered":"<div class=\"detailmodule_html\">\n<div class=\"detail-desc-decorate-richtext\">\n<div>\n<div>\n<div>\n<div>\n<p style=\"font-size: 0.0px\">fashion women shoes slip on woman loafer wholesale flats shoes sneakers causal nurse shoes woman round toe flexible driving loafer<\/p>\n<p><img decoding=\"async\" alt=\"HTB1shb4PFXXXXbvXXXXq6xXFXXX1\" data-id=\"ckeditor_img55\" src=\"http:\/\/ae01.alicdn.com\/kf\/HTB13ccxRXXXXXXoXpXXq6xXFXXXc.jpg?size=41868&amp;height=121&amp;width=950&amp;hash=8e12a0b5330ce261116579f5ef06d0bf\"><\/p>\n<p>&nbsp;<img fetchpriority=\"high\" decoding=\"async\" alt=\"HTB1taZfMpXXXXaTaXXXq6xXFXXXC\" data-id=\"ckeditor_img56\" height=\"952\" src=\"http:\/\/ae01.alicdn.com\/kf\/HTB1GwevQVXXXXXdapXXq6xXFXXX1.jpg\" style=\"color: #333333;font-family: arial , verdana , sans-serif;font-size: 12.0px\" width=\"908\"><\/p>\n<div style=\"border-bottom: 0.0px;border-left: 0.0px;padding-bottom: 0.0px;line-height: 18.0px;margin: 0.0px;padding-left: 0.0px;padding-right: 0.0px;font-family: arial;color: #000000;font-size: 13.0px;vertical-align: baseline;border-top: 0.0px;border-right: 0.0px;padding-top: 0.0px\">&nbsp;<\/div>\n<div style=\"border-bottom: 0.0px;border-left: 0.0px;padding-bottom: 0.0px;line-height: 18.0px;margin: 0.0px;padding-left: 0.0px;padding-right: 0.0px;font-family: arial;color: #000000;font-size: 13.0px;vertical-align: baseline;border-top: 0.0px;border-right: 0.0px;padding-top: 0.0px\">\n<p>&nbsp;<\/p>\n<p><img decoding=\"async\" alt=\"20200622_092037_228\" data-id=\"ckeditor_img57\" src=\"https:\/\/ae01.alicdn.com\/kf\/S0dc8ab1da4334795b8abf46501d666aaQ.jpg?width=800&amp;height=800&amp;hash=1600\"><img decoding=\"async\" alt=\"20200622_092037_229\" data-id=\"ckeditor_img58\" src=\"https:\/\/ae01.alicdn.com\/kf\/S535bbcda617848b296396224a0c32256i.jpg?width=800&amp;height=800&amp;hash=1600\"><img decoding=\"async\" alt=\"20200622_092037_230\" data-id=\"ckeditor_img59\" src=\"https:\/\/ae01.alicdn.com\/kf\/S9efa8fb8ff8b4e478dd5eba6d948efeea.jpg?width=800&amp;height=800&amp;hash=1600\"><img decoding=\"async\" alt=\"20200622_092037_231\" data-id=\"ckeditor_img60\" src=\"https:\/\/ae01.alicdn.com\/kf\/Sd95942f865894e0889d06e9735e90139w.jpg?width=800&amp;height=800&amp;hash=1600\"><img decoding=\"async\" alt=\"20200622_092037_232\" data-id=\"ckeditor_img61\" src=\"https:\/\/ae01.alicdn.com\/kf\/Scd11ed1eb84f432e9d8c79f0bb53bbb5u.jpg?width=800&amp;height=800&amp;hash=1600\"><img decoding=\"async\" alt=\"20200622_092037_233\" data-id=\"ckeditor_img62\" src=\"https:\/\/ae01.alicdn.com\/kf\/S80cc8ccd73f14768b79dd87cbe7e73baU.jpg?width=800&amp;height=800&amp;hash=1600\"><img decoding=\"async\" alt=\"20200622_092037_234\" data-id=\"ckeditor_img63\" src=\"https:\/\/ae01.alicdn.com\/kf\/S2b3a194c819646a1a04a9bf264c81e3ba.jpg?width=800&amp;height=800&amp;hash=1600\"><img decoding=\"async\" alt=\"20200622_092037_235\" data-id=\"ckeditor_img64\" src=\"https:\/\/ae01.alicdn.com\/kf\/S707b9440f08c421c975113588587706dg.jpg?width=800&amp;height=800&amp;hash=1600\"><img decoding=\"async\" alt=\"20200622_092037_236\" data-id=\"ckeditor_img65\" src=\"https:\/\/ae01.alicdn.com\/kf\/Sbcfe1de97cd345e0b21476fbaf6daa88H.jpg?width=800&amp;height=454&amp;hash=1254\"><img decoding=\"async\" alt=\"20200622_092037_237\" data-id=\"ckeditor_img66\" src=\"https:\/\/ae01.alicdn.com\/kf\/S40d3854b899c4dcc8f44c550fc76988fE.jpg?width=800&amp;height=800&amp;hash=1600\"><img decoding=\"async\" alt=\"20200622_092037_238\" data-id=\"ckeditor_img67\" src=\"https:\/\/ae01.alicdn.com\/kf\/S0690a96e89f54e9f8847e6b251035a95K.jpg?width=800&amp;height=800&amp;hash=1600\"><img decoding=\"async\" alt=\"20200622_092037_239\" data-id=\"ckeditor_img68\" src=\"https:\/\/ae01.alicdn.com\/kf\/S1f78d391ad8d44a69c160d26259bcf7dX.jpg?width=800&amp;height=800&amp;hash=1600\"><img decoding=\"async\" alt=\"20200622_092037_240\" data-id=\"ckeditor_img69\" src=\"https:\/\/ae01.alicdn.com\/kf\/S899b526e018c4e60bc7c85a347b6653e3.jpg?width=800&amp;height=800&amp;hash=1600\"><img decoding=\"async\" alt=\"20200622_092037_241\" data-id=\"ckeditor_img70\" src=\"https:\/\/ae01.alicdn.com\/kf\/S3bae237be568437a96250d3b627db852Y.jpg?width=800&amp;height=423&amp;hash=1223\"><img decoding=\"async\" alt=\"20200622_092037_242\" data-id=\"ckeditor_img71\" src=\"https:\/\/ae01.alicdn.com\/kf\/S92b3c5f0978e4c66b8757740fdc9676bc.jpg?width=800&amp;height=800&amp;hash=1600\"><img decoding=\"async\" alt=\"20200622_092037_243\" data-id=\"ckeditor_img72\" src=\"https:\/\/ae01.alicdn.com\/kf\/S801a22918f3c4feab4364ab045d9977er.jpg?width=800&amp;height=800&amp;hash=1600\"><img decoding=\"async\" alt=\"20200622_092037_244\" data-id=\"ckeditor_img73\" src=\"https:\/\/ae01.alicdn.com\/kf\/S50ccd5a2425e46ee8610374bf64f93742.jpg?width=800&amp;height=469&amp;hash=1269\"><img decoding=\"async\" alt=\"20200622_092037_245\" data-id=\"ckeditor_img74\" src=\"https:\/\/ae01.alicdn.com\/kf\/S98835f1a8450412e8bbe5f012acb5136V.jpg?width=800&amp;height=464&amp;hash=1264\"><img decoding=\"async\" alt=\"20200622_092037_246\" data-id=\"ckeditor_img75\" src=\"https:\/\/ae01.alicdn.com\/kf\/S146c5f3a624d4a258d2840cdf65f616am.jpg?width=800&amp;height=800&amp;hash=1600\"><img decoding=\"async\" alt=\"HTB1lviqHFXXXXcjXXXXq6xXFXXXN \" data-id=\"ckeditor_img76\" src=\"http:\/\/ae01.alicdn.com\/kf\/HTB1.jQwRXXXXXa9XpXXq6xXFXXXc.jpg?size=173713&amp;height=1092&amp;width=800&amp;hash=ad1336878c117af7ba78fba4df215118\"><\/p>\n<p>&nbsp;<\/p>\n<p style=\"margin: 0.0px;padding: 0.0px;border: 0.0px;line-height: 16.9px;font-family: arial , helvetica , sans-serif;vertical-align: baseline\"><span style=\"margin: 0.0px;padding: 0.0px;border: 0.0px;font-style: inherit;font-weight: 700;font-size: 13.3333px;line-height: 24.0px;font-family: arial;vertical-align: baseline\"><span style=\"margin: 0.0px;padding: 0.0px;border: 0.0px;font-style: inherit;font-weight: inherit;font-size: inherit;line-height: 18.0px;vertical-align: baseline;color: #ff0000\"><span style=\"margin: 0.0px;padding: 0.0px;border: 0.0px;font-style: inherit;font-weight: inherit;font-size: 16.0px;line-height: 24.0px;vertical-align: baseline\">REMARQUE !!!<\/span><\/span><\/span><\/p>\n<div style=\"line-height: inherit;margin: 0.0px;padding: 0.0px;border: 0.0px;font-size: 13.3333px;vertical-align: baseline\">&nbsp;<\/div>\n<div style=\"line-height: inherit;margin: 0.0px;padding: 0.0px;border: 0.0px;font-size: 13.3333px;vertical-align: baseline\"><span style=\"margin: 0.0px;padding: 0.0px;border: 0.0px;font-style: inherit;font-weight: inherit;font-size: inherit;vertical-align: baseline;color: #ff0000\"><span style=\"margin: 0.0px;padding: 0.0px;border: 0.0px;font-style: inherit;font-weight: inherit;font-size: 16.0px;line-height: 24.0px;vertical-align: baseline\">1.About color&nbsp;<\/span><\/span><\/div>\n<div style=\"line-height: inherit;margin: 0.0px;padding: 0.0px;border: 0.0px;font-size: 13.3333px;vertical-align: baseline\"><img decoding=\"async\" alt=\"HTB1LBPoJVXXXXbqXpXXq6xXFXXXM\" data-id=\"ckeditor_img77\" src=\"http:\/\/ae01.alicdn.com\/kf\/HTB1cBwERXXXXXbsXXXXq6xXFXXX2.jpg?size=21805&amp;height=192&amp;width=800&amp;hash=2bbe93d9175e398904e1eb040f2b84f4\"><\/div>\n<div style=\"line-height: inherit;margin: 0.0px;padding: 0.0px;border: 0.0px;font-size: 13.3333px;vertical-align: baseline\"><span style=\"margin: 0.0px;padding: 0.0px;border: 0.0px;font-style: inherit;font-weight: inherit;font-size: 16.0px;line-height: 24.0px;vertical-align: baseline\">Si vous avez des doutes sur les photos que nous montrons, vous pouvez nous demander les vraies photos. Les mod\u00e8les pr\u00e9sent\u00e9s peuvent avoir quelques<\/span><\/div>\n<div style=\"line-height: inherit;margin: 0.0px;padding: 0.0px;border: 0.0px;font-size: 13.3333px;vertical-align: baseline\"><span style=\"margin: 0.0px;padding: 0.0px;border: 0.0px;font-style: inherit;font-weight: inherit;font-size: 16.0px;line-height: 24.0px;vertical-align: baseline\">diff\u00e9rence avec les vrais !<\/span><\/div>\n<div style=\"line-height: inherit;margin: 0.0px;padding: 0.0px;border: 0.0px;font-size: 13.3333px;vertical-align: baseline\"><span style=\"margin: 0.0px;padding: 0.0px;border: 0.0px;font-style: inherit;font-weight: inherit;font-size: inherit;vertical-align: baseline;color: #ff0000\"><span style=\"margin: 0.0px;padding: 0.0px;border: 0.0px;font-style: inherit;font-weight: inherit;font-size: 16.0px;line-height: 24.0px;vertical-align: baseline\">&nbsp;2.About size&nbsp;<\/span><\/span><\/div>\n<div style=\"line-height: inherit;margin: 0.0px;padding: 0.0px;border: 0.0px;font-size: 13.3333px;vertical-align: baseline\"><span style=\"margin: 0.0px;padding: 0.0px;border: 0.0px;font-style: inherit;font-weight: inherit;font-size: 16.0px;line-height: 24.0px;vertical-align: baseline\">Veuillez noter que si votre pied est \u00e9pais ou large, nous vous sugg\u00e9rons de choisir une taille au-dessus.<\/span><\/div>\n<div style=\"line-height: inherit;margin: 0.0px;padding: 0.0px;border: 0.0px;font-size: 13.3333px;vertical-align: baseline\"><span style=\"margin: 0.0px;padding: 0.0px;border: 0.0px;font-style: inherit;font-weight: inherit;font-size: 16.0px;line-height: 24.0px;vertical-align: baseline\">avant de passer commande !<\/span><\/div>\n<div style=\"line-height: inherit;margin: 0.0px;padding: 0.0px;border: 0.0px;font-size: 13.3333px;vertical-align: baseline\">&nbsp;<\/div>\n<div style=\"line-height: inherit;margin: 0.0px;padding: 0.0px;border: 0.0px;font-size: 13.3333px;vertical-align: baseline\"><span style=\"margin: 0.0px;padding: 0.0px;border: 0.0px;font-style: inherit;font-weight: inherit;font-size: 16.0px;line-height: 24.0px;vertical-align: baseline\">&nbsp; &nbsp; &nbsp; &nbsp; Shipping tracking number will file in order after shipped,you can track of it.<\/span><\/div>\n<div style=\"line-height: inherit;margin: 0.0px;padding: 0.0px;border: 0.0px;font-size: 13.3333px;vertical-align: baseline\">&nbsp;<\/div>\n<div style=\"line-height: inherit;margin: 0.0px;padding: 0.0px;border: 0.0px;font-size: 13.3333px;vertical-align: baseline\"><span style=\"margin: 0.0px;padding: 0.0px;border: 0.0px;font-style: inherit;font-weight: 700;font-size: inherit;line-height: 24.0px;vertical-align: baseline\"><span style=\"margin: 0.0px;padding: 0.0px;border: 0.0px;font-style: inherit;font-weight: inherit;font-size: inherit;line-height: 18.0px;vertical-align: baseline;color: #ff0000\"><span style=\"margin: 0.0px;padding: 0.0px;border: 0.0px;font-style: inherit;font-weight: inherit;font-size: 16.0px;line-height: 24.0px;vertical-align: baseline\">Retour d'information :<\/span><\/span><\/span><\/div>\n<div style=\"line-height: inherit;margin: 0.0px;padding: 0.0px;border: 0.0px;font-size: 13.3333px;vertical-align: baseline\"><span style=\"margin: 0.0px;padding: 0.0px;border: 0.0px;font-style: inherit;font-weight: inherit;font-size: 16.0px;line-height: 24.0px;vertical-align: baseline\">1&nbsp;We depend on your satisfaction to succeed,so feedback is extremely important to us,please post a good feedback<\/span><\/div>\n<div style=\"line-height: inherit;margin: 0.0px;padding: 0.0px;border: 0.0px;font-size: 13.3333px;vertical-align: baseline\">&nbsp;<\/div>\n<div style=\"line-height: inherit;margin: 0.0px;padding: 0.0px;border: 0.0px;font-size: 13.3333px;vertical-align: baseline\"><span style=\"margin: 0.0px;padding: 0.0px;border: 0.0px;font-style: inherit;font-weight: inherit;font-size: 16.0px;line-height: 24.0px;vertical-align: baseline\">2&nbsp;We always appreciate and try to care about our valued customers, pleaes give us the opportunity to resolve any<\/span><\/div>\n<div style=\"line-height: inherit;margin: 0.0px;padding: 0.0px;border: 0.0px;font-size: 13.3333px;vertical-align: baseline\"><span style=\"margin: 0.0px;padding: 0.0px;border: 0.0px;font-style: inherit;font-weight: inherit;font-size: 16.0px;line-height: 24.0px;vertical-align: baseline\">des probl\u00e8mes qui peuvent vous contrarier et vous frustrer.<\/span><\/div>\n<div style=\"line-height: inherit;margin: 0.0px;padding: 0.0px;border: 0.0px;font-size: 13.3333px;vertical-align: baseline\">&nbsp;<\/div>\n<div style=\"line-height: inherit;margin: 0.0px;padding: 0.0px;border: 0.0px;font-size: 13.3333px;vertical-align: baseline\"><span style=\"margin: 0.0px;padding: 0.0px;border: 0.0px;font-style: inherit;font-weight: inherit;font-size: 16.0px;line-height: 24.0px;vertical-align: baseline\">3&nbsp;Please send us E-mail first before you want to leave negative feedback or dispute on Aliexpress,we are sure<\/span><\/div>\n<div style=\"line-height: inherit;margin: 0.0px;padding: 0.0px;border: 0.0px;font-size: 13.3333px;vertical-align: baseline\"><span style=\"margin: 0.0px;padding: 0.0px;border: 0.0px;font-style: inherit;font-weight: inherit;font-size: 16.0px;line-height: 24.0px;vertical-align: baseline\">you will feel satisfactory with our answer.<\/span><\/div>\n<div style=\"line-height: inherit;margin: 0.0px;padding: 0.0px;border: 0.0px;font-size: 13.3333px;vertical-align: baseline\"><span style=\"margin: 0.0px;padding: 0.0px;border: 0.0px;font-style: inherit;font-weight: inherit;font-size: 16.0px;line-height: 24.0px;vertical-align: baseline\">&nbsp;Nous vous invitons \u00e0 commander \u00e0 nouveau et nous vous ferons b\u00e9n\u00e9ficier d'une remise suppl\u00e9mentaire.<\/span><\/div>\n<div style=\"line-height: inherit;margin: 0.0px;padding: 0.0px;border: 0.0px;font-size: 13.3333px;vertical-align: baseline\"><img decoding=\"async\" alt=\"HTB18LRILpXXXXbuXXXXq6xXFXXXf \" data-id=\"ckeditor_img78\" src=\"http:\/\/ae01.alicdn.com\/kf\/HTB1g9nVRXXXXXcIapXXq6xXFXXX7.jpg?size=26839&amp;height=113&amp;width=710&amp;hash=afb6f159056a512882d06eee617ac214\"><\/div>\n<div style=\"line-height: inherit;margin: 0.0px;padding: 0.0px;border: 0.0px;font-size: 13.3333px;vertical-align: baseline\">&nbsp;<\/div>\n<div style=\"line-height: inherit;margin: 0.0px;padding: 0.0px;border: 0.0px;font-size: 13.3333px;vertical-align: baseline\"><span style=\"margin: 0.0px;padding: 0.0px;border: 0.0px;font-style: inherit;font-weight: inherit;font-size: 16.0px;line-height: 24.0px;vertical-align: baseline\"><img decoding=\"async\" alt=\"DDW)}~JSFI}LJRS}36FA5ZY\" data-id=\"ckeditor_img79\" src=\"http:\/\/ae01.alicdn.com\/kf\/HTB1vn_FPFXXXXcyXFXXq6xXFXXX4.jpg?size=333808&amp;height=381&amp;width=800&amp;hash=8093eee259ffad08304b22384265a138\" style=\"margin: 0.0px;padding: 0.0px;border: 0.0px;font-style: inherit;font-weight: inherit;font-size: 0.0px;line-height: inherit;vertical-align: middle;color: transparent\"><\/span><\/div>\n<div style=\"line-height: inherit;margin: 0.0px;padding: 0.0px;border: 0.0px;font-size: 13.3333px;vertical-align: baseline\"><span style=\"margin: 0.0px;padding: 0.0px;border: 0.0px;font-style: inherit;font-weight: inherit;font-size: 16.0px;line-height: 24.0px;vertical-align: baseline\"><img decoding=\"async\" alt=\"L@_$OX5}(_ALHA60(4]K}@A\" data-id=\"ckeditor_img80\" src=\"http:\/\/ae01.alicdn.com\/kf\/HTB1xgvzPFXXXXbFXVXXq6xXFXXXp.jpg?size=216617&amp;height=382&amp;width=800&amp;hash=e47d18df634af1ab045ce20e7052cfa6\" style=\"margin: 0.0px;padding: 0.0px;border: 0.0px;font-style: inherit;font-weight: inherit;font-size: 0.0px;line-height: inherit;vertical-align: middle;color: transparent\"><\/span><\/div>\n<\/div>\n<p style=\"color: #000000;font-size: medium\">&nbsp;<\/p>\n<\/div>\n<\/div>\n<\/div>\n<\/div>\n<p>&nbsp;<\/p>\n<p>&nbsp;<\/p>\n<\/div>\n<\/div>","protected":false},"excerpt":{"rendered":"<p>fashion women shoes slip on woman loafer wholesale flats shoes sneakers causal nurse shoes woman round toe flexible driving loafer &nbsp; &nbsp; &nbsp; &nbsp; NOTE!!! &nbsp; 1.About color&nbsp; If you are hesitate about the pictures we show, you can ask us for the real photos. Model shows may have some difference with the real ones [&#8230;]","protected":false},"featured_media":20675,"comment_status":"open","ping_status":"closed","template":"","meta":[],"product_brand":[],"product_cat":[],"product_tag":[],"class_list":{"0":"post-20674","1":"product","2":"type-product","3":"status-publish","4":"has-post-thumbnail","6":"pa_color-black","7":"pa_color-red","8":"pa_color-yellow","10":"first","11":"instock","12":"shipping-taxable","13":"purchasable","14":"product-type-variable"},"_links":{"self":[{"href":"https:\/\/foyeye.com\/fr\/wp-json\/wp\/v2\/product\/20674","targetHints":{"allow":["GET"]}}],"collection":[{"href":"https:\/\/foyeye.com\/fr\/wp-json\/wp\/v2\/product"}],"about":[{"href":"https:\/\/foyeye.com\/fr\/wp-json\/wp\/v2\/types\/product"}],"replies":[{"embeddable":true,"href":"https:\/\/foyeye.com\/fr\/wp-json\/wp\/v2\/comments?post=20674"}],"version-history":[{"count":1,"href":"https:\/\/foyeye.com\/fr\/wp-json\/wp\/v2\/product\/20674\/revisions"}],"predecessor-version":[{"id":22797,"href":"https:\/\/foyeye.com\/fr\/wp-json\/wp\/v2\/product\/20674\/revisions\/22797"}],"wp:featuredmedia":[{"embeddable":true,"href":"https:\/\/foyeye.com\/fr\/wp-json\/wp\/v2\/media\/20675"}],"wp:attachment":[{"href":"https:\/\/foyeye.com\/fr\/wp-json\/wp\/v2\/media?parent=20674"}],"wp:term":[{"taxonomy":"product_brand","embeddable":true,"href":"https:\/\/foyeye.com\/fr\/wp-json\/wp\/v2\/product_brand?post=20674"},{"taxonomy":"product_cat","embeddable":true,"href":"https:\/\/foyeye.com\/fr\/wp-json\/wp\/v2\/product_cat?post=20674"},{"taxonomy":"product_tag","embeddable":true,"href":"https:\/\/foyeye.com\/fr\/wp-json\/wp\/v2\/product_tag?post=20674"}],"curies":[{"name":"wp","href":"https:\/\/api.w.org\/{rel}","templated":true}]}}