{"id":20939,"date":"2025-11-30T08:44:31","date_gmt":"2025-11-30T08:44:31","guid":{"rendered":"https:\/\/foyeye.com\/product\/2025-women-boots-natural-cow-slip-on-genuine-leather-summer-hollow-breathable-moccasins-designer-ethnic-shallow-shoes\/"},"modified":"2025-11-30T08:44:34","modified_gmt":"2025-11-30T08:44:34","slug":"2025-women-boots-natural-cow-slip-on-genuine-leather-summer-hollow-breathable-moccasins-designer-ethnic-shallow-shoes","status":"publish","type":"product","link":"https:\/\/foyeye.com\/fr\/produit\/2025-women-boots-natural-cow-slip-on-genuine-leather-summer-hollow-breathable-moccasins-designer-ethnic-shallow-shoes\/","title":{"rendered":"2025 Women Boots Natural Cow Slip on Genuine Leather Summer Hollow Breathable Moccasins Designer Ethnic Shallow Shoes"},"content":{"rendered":"<div class=\"detailmodule_html\">\n<div class=\"detail-desc-decorate-richtext\">\n<p align=\"left\" style=\"text-align:left;margin:0px;margin-bottom:0px;margin-top:0px;margin-left:0px;margin-right:0px\"><img decoding=\"async\" src=\"https:\/\/ae01.alicdn.com\/kf\/S4a5484c6ebbb4d2a9fbcf494d03b52672.jpg?width=950&amp;height=121&amp;hash=1071\"><br \/>\n<img decoding=\"async\" src=\"https:\/\/ae01.alicdn.com\/kf\/S5846bd48d53c476e8e47ba147494b263c.jpg?width=899&amp;height=880&amp;hash=1779\"><\/p>\n<p><img decoding=\"async\" src=\"https:\/\/ae01.alicdn.com\/kf\/S63151915220341e3b54740f20d8487bfn.jpg?width=800&amp;height=800&amp;hash=1600\" style=\"width:750px\" width=\"750px\"><img decoding=\"async\" src=\"https:\/\/ae01.alicdn.com\/kf\/S837cdb069d2242e783149ac0a45430baq.jpg?width=800&amp;height=800&amp;hash=1600\" style=\"width:750px\" width=\"750px\"><img decoding=\"async\" src=\"https:\/\/ae01.alicdn.com\/kf\/Sb615c58748ad47a3a1a76f5b909cae328.jpg?width=569&amp;height=418&amp;hash=987\" style=\"width:750px\" width=\"750px\"><img decoding=\"async\" src=\"https:\/\/ae01.alicdn.com\/kf\/S90db14d22fe942cd8eee667b4d8b26acM.jpg?width=763&amp;height=757&amp;hash=1520\" style=\"width:750px\" width=\"750px\"><img decoding=\"async\" src=\"https:\/\/ae01.alicdn.com\/kf\/S909cc455c7f14ad2993775c3a56816cfF.jpg?width=717&amp;height=646&amp;hash=1363\" style=\"width:750px\" width=\"750px\"><img decoding=\"async\" src=\"https:\/\/ae01.alicdn.com\/kf\/Sbe2af83e02ab492c8bc1f0f4b08a6faeS.jpg?width=757&amp;height=640&amp;hash=1397\" style=\"width:750px\" width=\"750px\"><img decoding=\"async\" src=\"https:\/\/ae01.alicdn.com\/kf\/Sfb76ab63482140a1879a8b00e0434be1m.jpg?width=688&amp;height=610&amp;hash=1298\" style=\"width:750px\" width=\"750px\"><img decoding=\"async\" src=\"https:\/\/ae01.alicdn.com\/kf\/Saa956efbf48d4851b032b1efa927bbe5C.jpg?width=743&amp;height=660&amp;hash=1403\" style=\"width:750px\" width=\"750px\"><img decoding=\"async\" src=\"https:\/\/ae01.alicdn.com\/kf\/Sac4605ca671b499bbb7b17563c730a10c.jpg?width=696&amp;height=638&amp;hash=1334\" style=\"width:750px\" width=\"750px\"><img decoding=\"async\" src=\"https:\/\/ae01.alicdn.com\/kf\/S9269d1cf6001413fa606f2d3a83202a6L.jpg?width=755&amp;height=679&amp;hash=1434\" style=\"width:750px\" width=\"750px\"><img decoding=\"async\" src=\"https:\/\/ae01.alicdn.com\/kf\/S5ba9899d63dd4c859b30a857c689d52a3.jpg?width=604&amp;height=522&amp;hash=1126\" style=\"width:750px\" width=\"750px\"><img decoding=\"async\" src=\"https:\/\/ae01.alicdn.com\/kf\/Sfa667e031bf84e529309f9743a590dd1T.jpg?width=682&amp;height=484&amp;hash=1166\" style=\"width:750px\" width=\"750px\"><img decoding=\"async\" src=\"https:\/\/ae01.alicdn.com\/kf\/S071402968d70435f9d6aae2eda83fe57t.jpg?width=800&amp;height=800&amp;hash=1600\" style=\"width:750px\" width=\"750px\"><img decoding=\"async\" src=\"https:\/\/ae01.alicdn.com\/kf\/S3dff62d15d0d40bd8b37c1a728299319p.jpg?width=745&amp;height=619&amp;hash=1364\" style=\"width:750px\" width=\"750px\"><img decoding=\"async\" src=\"https:\/\/ae01.alicdn.com\/kf\/S946e2c3253fb415895f1db7a8f9292e5G.jpg?width=679&amp;height=624&amp;hash=1303\" style=\"width:750px\" width=\"750px\"><img decoding=\"async\" src=\"https:\/\/ae01.alicdn.com\/kf\/S699212cc337844d49113b5686450ff320.jpg?width=862&amp;height=806&amp;hash=1668\" style=\"width:750px\" width=\"750px\"><img decoding=\"async\" src=\"https:\/\/ae01.alicdn.com\/kf\/S62dbeca9ffac4192bdb67bc5357e464ax.jpg?width=800&amp;height=800&amp;hash=1600\" style=\"width:750px\" width=\"750px\"><img decoding=\"async\" src=\"https:\/\/ae01.alicdn.com\/kf\/S34549f1b186343f0acd1e9676ad18e5cB.jpg?width=800&amp;height=800&amp;hash=1600\" style=\"width:750px\" width=\"750px\"><\/p>\n<p>\n<img decoding=\"async\" src=\"https:\/\/ae01.alicdn.com\/kf\/Sd60cd9da6aeb441baa4add459c879ba1D.jpg?width=800&amp;height=1092&amp;hash=1892\"><\/p>\n<p style=\", Roboto, Arial, Helvetica, sans-serif, SimSun;font-size:14px;line-height:inherit;margin:0px;margin-bottom:0px;margin-top:0px;margin-left:0px;margin-right:0px;padding:0px;padding-bottom:0px;padding-top:0px;padding-left:0px;padding-right:0px\"><strong><span style=\"font-size:13.3333px;font-family:arial\"><span style=\"font-size:inherit\"><span style=\"font-size:16px\">REMARQUE !!!<\/span><\/span><\/span><\/strong><\/p>\n<div style=\", Roboto, Arial, Helvetica, sans-serif, SimSun;font-size:14px;margin:0px;margin-bottom:0px;margin-top:0px;margin-left:0px;margin-right:0px;padding:0px;padding-bottom:0px;padding-top:0px;padding-left:0px;padding-right:0px\">\n<div style=\"margin:0px;margin-bottom:0px;margin-top:0px;margin-left:0px;margin-right:0px;padding:0px;padding-bottom:0px;padding-top:0px;padding-left:0px;padding-right:0px\">\n<div style=\"margin:0px;margin-bottom:0px;margin-top:0px;margin-left:0px;margin-right:0px;padding:0px;padding-bottom:0px;padding-top:0px;padding-left:0px;padding-right:0px\">\n<div style=\"font-family:arial;font-size:13.3333px;line-height:inherit;border:0px;margin:0px;margin-bottom:0px;margin-top:0px;margin-left:0px;margin-right:0px;padding:0px;padding-bottom:0px;padding-top:0px;padding-left:0px;padding-right:0px\"><strong><span style=\"font-size:18px\"><span><span>1. PAIEMENT&nbsp;<\/span><\/span><\/span><\/strong><br \/>\n<span style=\"font-size:16px\">&nbsp; &nbsp; Apr\u00e8s l'annulation de la commande, l'argent sera revers\u00e9 sur votre compte dans un d\u00e9lai de 1 \u00e0 15 jours ouvrables.<\/span><br \/>\n<img decoding=\"async\" src=\"https:\/\/ae01.alicdn.com\/kf\/S9e5afd0d67774e43bfd97327b5b00cf4J.jpg?width=800&amp;height=73&amp;hash=873\"><br \/>\n<strong><span style=\"font-size:18px\"><span><span>2.EXP\u00c9DITION&nbsp;<\/span><\/span><\/span><\/strong><br \/>\n<span style=\"font-size:16px\">&nbsp; &nbsp; veuillez confirmer votre adresse avant le paiement.<br \/>\nNous enverrons les articles dans un d\u00e9lai de 3 jours ouvrables une fois le paiement effectu\u00e9. (Les jours f\u00e9ri\u00e9s peuvent \u00eatre prolong\u00e9s)<\/span><br \/>\n<span style=\"font-size:16px\"><strong><span style=\"font-size:18px\"><span><span>3.POLITIQUE DE RETOUR<\/span><\/span><\/span><\/strong><\/span> <span style=\"font-size:16px\"><br \/>\n&nbsp; &nbsp; Le client doit retourner les articles dans leur \u00e9tat d'origine dans un d\u00e9lai de 3 jours si un article est d\u00e9fectueux \u00e0 la r\u00e9ception.<\/p>\n<p>&nbsp; &nbsp; L'acheteur est responsable des frais de retour et de manutention.&nbsp;<\/span><\/div>\n<div style=\"font-family:arial;font-size:13.3333px;line-height:inherit;border:0px;margin:0px;margin-bottom:0px;margin-top:0px;margin-left:0px;margin-right:0px;padding:0px;padding-bottom:0px;padding-top:0px;padding-left:0px;padding-right:0px\">\n<div><strong><span style=\"font-size:18px\"><span><span>4. \u00e0 propos de la couleur&nbsp;<\/span><\/span><\/span><\/strong><\/div>\n<p align=\"left\" style=\"text-align:left;margin:0px;margin-bottom:0px;margin-top:0px;margin-left:0px;margin-right:0px\"><img decoding=\"async\" src=\"https:\/\/ae01.alicdn.com\/kf\/S9ad04a2b8acc47c983a12e24fdcf9ed19.jpg?width=800&amp;height=192&amp;hash=992\"><\/p>\n<div align=\"start\" style=\"font-family:arial;font-size:13.3333px;font-weight:400;letter-spacing:normal;line-height:inherit;text-align:start;border:0px;margin:0px;margin-bottom:0px;margin-top:0px;margin-left:0px;margin-right:0px;padding:0px;padding-bottom:0px;padding-top:0px;padding-left:0px;padding-right:0px\"><span style=\"font-size:16px\">Si vous avez des doutes sur les photos que nous montrons, vous pouvez nous demander les vraies photos. Les mod\u00e8les pr\u00e9sent\u00e9s peuvent avoir quelques<\/span><\/div>\n<div align=\"start\" style=\"font-family:arial;font-size:13.3333px;font-weight:400;letter-spacing:normal;line-height:inherit;text-align:start;border:0px;margin:0px;margin-bottom:0px;margin-top:0px;margin-left:0px;margin-right:0px;padding:0px;padding-bottom:0px;padding-top:0px;padding-left:0px;padding-right:0px\"><span style=\"font-size:16px\">diff\u00e9rence avec les vrais !<\/span><\/div>\n<div align=\"start\" style=\"font-family:arial;font-size:13.3333px;font-weight:400;letter-spacing:normal;line-height:inherit;text-align:start;border:0px;margin:0px;margin-bottom:0px;margin-top:0px;margin-left:0px;margin-right:0px;padding:0px;padding-bottom:0px;padding-top:0px;padding-left:0px;padding-right:0px\"><strong><span style=\"font-size:18px\"><span><span>&nbsp;5. environ la taille&nbsp;<\/span><\/span><\/span><\/strong><\/div>\n<div align=\"start\" style=\"font-family:arial;font-size:13.3333px;font-weight:400;letter-spacing:normal;line-height:inherit;text-align:start;border:0px;margin:0px;margin-bottom:0px;margin-top:0px;margin-left:0px;margin-right:0px;padding:0px;padding-bottom:0px;padding-top:0px;padding-left:0px;padding-right:0px\"><span style=\"font-size:16px\">Veuillez noter que si votre pied est \u00e9pais ou large, nous vous sugg\u00e9rons de choisir une taille au-dessus.<\/span><\/div>\n<div align=\"start\" style=\"font-family:arial;font-size:13.3333px;font-weight:400;letter-spacing:normal;line-height:inherit;text-align:start;border:0px;margin:0px;margin-bottom:0px;margin-top:0px;margin-left:0px;margin-right:0px;padding:0px;padding-bottom:0px;padding-top:0px;padding-left:0px;padding-right:0px\"><span style=\"font-size:16px\">avant de passer commande !<\/span><\/div>\n<div align=\"start\" style=\"font-family:arial;font-size:13.3333px;font-weight:400;letter-spacing:normal;line-height:inherit;text-align:start;border:0px;margin:0px;margin-bottom:0px;margin-top:0px;margin-left:0px;margin-right:0px;padding:0px;padding-bottom:0px;padding-top:0px;padding-left:0px;padding-right:0px\"><img decoding=\"async\" src=\"https:\/\/ae01.alicdn.com\/kf\/S431053fbccb849c1bd24e1b3c9c8601aY.jpg?width=800&amp;height=595&amp;hash=1395\"><\/div>\n<div align=\"start\" style=\"font-family:arial;font-size:13.3333px;font-weight:400;letter-spacing:normal;line-height:inherit;text-align:start;border:0px;margin:0px;margin-bottom:0px;margin-top:0px;margin-left:0px;margin-right:0px;padding:0px;padding-bottom:0px;padding-top:0px;padding-left:0px;padding-right:0px\"><span style=\"font-size:22px\"><strong><span><span>Retour d'information :<\/span><\/span><\/strong><\/span><\/div>\n<div align=\"start\" style=\"font-family:arial;font-size:13.3333px;font-weight:400;letter-spacing:normal;line-height:inherit;text-align:start;border:0px;margin:0px;margin-bottom:0px;margin-top:0px;margin-left:0px;margin-right:0px;padding:0px;padding-bottom:0px;padding-top:0px;padding-left:0px;padding-right:0px\"><span style=\"font-size:16px\">1&nbsp;We depend on your satisfaction to succeed,so feedback is extremely important to us,please post a good feedback<\/span><\/div>\n<div align=\"start\" style=\"font-family:arial;font-size:13.3333px;font-weight:400;letter-spacing:normal;line-height:inherit;text-align:start;border:0px;margin:0px;margin-bottom:0px;margin-top:0px;margin-left:0px;margin-right:0px;padding:0px;padding-bottom:0px;padding-top:0px;padding-left:0px;padding-right:0px\">&nbsp;<\/div>\n<div align=\"start\" style=\"font-family:arial;font-size:13.3333px;font-weight:400;letter-spacing:normal;line-height:inherit;text-align:start;border:0px;margin:0px;margin-bottom:0px;margin-top:0px;margin-left:0px;margin-right:0px;padding:0px;padding-bottom:0px;padding-top:0px;padding-left:0px;padding-right:0px\"><span style=\"font-size:16px\">2&nbsp;We always appreciate and try to care about our valued customers, pleaes give us the opportunity to resolve any<\/span><\/div>\n<div align=\"start\" style=\"font-family:arial;font-size:13.3333px;font-weight:400;letter-spacing:normal;line-height:inherit;text-align:start;border:0px;margin:0px;margin-bottom:0px;margin-top:0px;margin-left:0px;margin-right:0px;padding:0px;padding-bottom:0px;padding-top:0px;padding-left:0px;padding-right:0px\"><span style=\"font-size:16px\">des probl\u00e8mes qui peuvent vous contrarier et vous frustrer.<\/span><\/div>\n<div align=\"start\" style=\"font-family:arial;font-size:13.3333px;font-weight:400;letter-spacing:normal;line-height:inherit;text-align:start;border:0px;margin:0px;margin-bottom:0px;margin-top:0px;margin-left:0px;margin-right:0px;padding:0px;padding-bottom:0px;padding-top:0px;padding-left:0px;padding-right:0px\">&nbsp;<\/div>\n<div align=\"start\" style=\"font-family:arial;font-size:13.3333px;font-weight:400;letter-spacing:normal;line-height:inherit;text-align:start;border:0px;margin:0px;margin-bottom:0px;margin-top:0px;margin-left:0px;margin-right:0px;padding:0px;padding-bottom:0px;padding-top:0px;padding-left:0px;padding-right:0px\"><span style=\"font-size:16px\">3&nbsp;Please send us E-mail&nbsp;(515805615@qq.com)&nbsp; first before you want to leave negative feedback or dispute on <\/span><\/div>\n<div align=\"start\" style=\"font-family:arial;font-size:13.3333px;font-weight:400;letter-spacing:normal;line-height:inherit;text-align:start;border:0px;margin:0px;margin-bottom:0px;margin-top:0px;margin-left:0px;margin-right:0px;padding:0px;padding-bottom:0px;padding-top:0px;padding-left:0px;padding-right:0px\"><span style=\"font-size:16px\">Aliexpress,we are sure&nbsp;you will feel satisfactory with our answer.<\/span><\/div>\n<div align=\"start\" style=\"font-family:arial;font-size:13.3333px;font-weight:400;letter-spacing:normal;line-height:inherit;text-align:start;border:0px;margin:0px;margin-bottom:0px;margin-top:0px;margin-left:0px;margin-right:0px;padding:0px;padding-bottom:0px;padding-top:0px;padding-left:0px;padding-right:0px\"><span style=\"font-size:16px\">&nbsp;Nous vous invitons \u00e0 commander \u00e0 nouveau et nous vous ferons b\u00e9n\u00e9ficier d'une remise suppl\u00e9mentaire.<\/span><\/div>\n<\/div>\n<\/div>\n<\/div>\n<\/div>\n<\/div>\n<\/div>","protected":false},"excerpt":{"rendered":"<p>NOTE!!! 1.PAYMENT&nbsp; &nbsp; &nbsp; After you cancelled the order, money will back to your account within 1-15 business days 2.SHIPPING&nbsp; &nbsp; &nbsp; please confirm your address before payment. We will send the items within 3 Business days once your payment is completed. (Holidays may be extended) 3.RETURN POLICY &nbsp; &nbsp; Customer should return items in [&#8230;]","protected":false},"featured_media":20942,"comment_status":"open","ping_status":"closed","template":"","meta":[],"product_brand":[],"product_cat":[],"product_tag":[],"class_list":{"0":"post-20939","1":"product","2":"type-product","3":"status-publish","4":"has-post-thumbnail","6":"pa_color-beige-4-5cm","7":"pa_color-beige-6cm","8":"pa_color-black-4-5cm","9":"pa_color-black-6cm","11":"first","12":"instock","13":"shipping-taxable","14":"purchasable","15":"product-type-variable"},"_links":{"self":[{"href":"https:\/\/foyeye.com\/fr\/wp-json\/wp\/v2\/product\/20939","targetHints":{"allow":["GET"]}}],"collection":[{"href":"https:\/\/foyeye.com\/fr\/wp-json\/wp\/v2\/product"}],"about":[{"href":"https:\/\/foyeye.com\/fr\/wp-json\/wp\/v2\/types\/product"}],"replies":[{"embeddable":true,"href":"https:\/\/foyeye.com\/fr\/wp-json\/wp\/v2\/comments?post=20939"}],"version-history":[{"count":0,"href":"https:\/\/foyeye.com\/fr\/wp-json\/wp\/v2\/product\/20939\/revisions"}],"wp:featuredmedia":[{"embeddable":true,"href":"https:\/\/foyeye.com\/fr\/wp-json\/wp\/v2\/media\/20942"}],"wp:attachment":[{"href":"https:\/\/foyeye.com\/fr\/wp-json\/wp\/v2\/media?parent=20939"}],"wp:term":[{"taxonomy":"product_brand","embeddable":true,"href":"https:\/\/foyeye.com\/fr\/wp-json\/wp\/v2\/product_brand?post=20939"},{"taxonomy":"product_cat","embeddable":true,"href":"https:\/\/foyeye.com\/fr\/wp-json\/wp\/v2\/product_cat?post=20939"},{"taxonomy":"product_tag","embeddable":true,"href":"https:\/\/foyeye.com\/fr\/wp-json\/wp\/v2\/product_tag?post=20939"}],"curies":[{"name":"wp","href":"https:\/\/api.w.org\/{rel}","templated":true}]}}