{"id":21590,"date":"2025-11-30T08:45:57","date_gmt":"2025-11-30T08:45:57","guid":{"rendered":"https:\/\/foyeye.com\/product\/2025-genuine-leather-wedge-platform-slippers-women-high-heel-sandals-slides-women-summer-casual-shoes-size-35-40\/"},"modified":"2025-11-30T08:45:59","modified_gmt":"2025-11-30T08:45:59","slug":"2025-genuine-leather-wedge-platform-slippers-women-high-heel-sandals-slides-women-summer-casual-shoes-size-35-40","status":"publish","type":"product","link":"https:\/\/foyeye.com\/fr\/produit\/2025-genuine-leather-wedge-platform-slippers-women-high-heel-sandals-slides-women-summer-casual-shoes-size-35-40\/","title":{"rendered":"2025 Genuine leather wedge platform slippers women high heel sandals slides women summer casual shoes size 35-40"},"content":{"rendered":"<div class=\"detailmodule_html\">\n<div class=\"detail-desc-decorate-richtext\">\n<div>\n<div style=\"border-bottom: 0.0px;border-left: 0.0px;padding-bottom: 0.0px;line-height: 18.0px;margin: 0.0px;padding-left: 0.0px;padding-right: 0.0px;font-family: verdana;color: #000000;vertical-align: baseline;border-top: 0.0px;border-right: 0.0px;padding-top: 0.0px\">\n<p><img decoding=\"async\" alt=\"HTB1shb4PFXXXXbvXXXXq6xXFXXX1\" data-id=\"ckeditor_img45\" src=\"http:\/\/ae01.alicdn.com\/kf\/HTB13ccxRXXXXXXoXpXXq6xXFXXXc.jpg?size=41868&amp;height=121&amp;width=950&amp;hash=8e12a0b5330ce261116579f5ef06d0bf\"><\/p>\n<p>&nbsp;<\/p>\n<\/div>\n<p><img fetchpriority=\"high\" decoding=\"async\" alt=\"HTB1taZfMpXXXXaTaXXXq6xXFXXXC\" data-id=\"ckeditor_img55\" height=\"952\" src=\"http:\/\/ae01.alicdn.com\/kf\/HTB1GwevQVXXXXXdapXXq6xXFXXX1.jpg\" width=\"908\"><\/p>\n<p>&nbsp;<\/p>\n<p><img decoding=\"async\" alt=\"20200603_151128_150\" data-id=\"ckeditor_img56\" src=\"https:\/\/ae01.alicdn.com\/kf\/Scf4ea1a052e54b8f8b208bb4220420bft.jpg?width=800&amp;height=800&amp;hash=1600\"><img decoding=\"async\" alt=\"20200603_151128_151\" data-id=\"ckeditor_img57\" src=\"https:\/\/ae01.alicdn.com\/kf\/S7e9d3519560d45aebff61517772c6ffbr.jpg?width=800&amp;height=800&amp;hash=1600\"><img decoding=\"async\" alt=\"20200603_151128_152\" data-id=\"ckeditor_img58\" src=\"https:\/\/ae01.alicdn.com\/kf\/Sc076864b82d14c98b2c1bcd2a0b9485fl.jpg?width=800&amp;height=800&amp;hash=1600\"><img decoding=\"async\" alt=\"20200603_151128_153\" data-id=\"ckeditor_img59\" src=\"https:\/\/ae01.alicdn.com\/kf\/Sc625d428accb4fef940e1a3f695f78a8G.jpg?width=800&amp;height=800&amp;hash=1600\"><img decoding=\"async\" alt=\"20200603_151128_154\" data-id=\"ckeditor_img60\" src=\"https:\/\/ae01.alicdn.com\/kf\/S4f09c828be9f4fda873e508662888987M.jpg?width=800&amp;height=800&amp;hash=1600\"><img decoding=\"async\" alt=\"20200603_151128_155\" data-id=\"ckeditor_img61\" src=\"https:\/\/ae01.alicdn.com\/kf\/S23e15db9cdf141d1885a8dca0d2d7dd7q.jpg?width=800&amp;height=800&amp;hash=1600\"><img decoding=\"async\" alt=\"20200603_151128_156\" data-id=\"ckeditor_img62\" src=\"https:\/\/ae01.alicdn.com\/kf\/See8d557f879d403e98ddde4c6e5bf7a9J.jpg?width=800&amp;height=800&amp;hash=1600\"><img decoding=\"async\" alt=\"20200603_151128_157\" data-id=\"ckeditor_img63\" src=\"https:\/\/ae01.alicdn.com\/kf\/S551d3df45fd94ad0b567d72e9e7dc8d4h.jpg?width=800&amp;height=1024&amp;hash=1824\"><img decoding=\"async\" alt=\"20200603_151128_158\" data-id=\"ckeditor_img64\" src=\"https:\/\/ae01.alicdn.com\/kf\/Sd08efd6ebf684b24b997e903740f67cdA.jpg?width=800&amp;height=1024&amp;hash=1824\"><img decoding=\"async\" alt=\"20200603_151128_159\" data-id=\"ckeditor_img65\" src=\"https:\/\/ae01.alicdn.com\/kf\/Sfca4d1057def4d1b905a8bebaae5437fE.jpg?width=800&amp;height=1024&amp;hash=1824\"><img decoding=\"async\" alt=\"20200603_151128_160\" data-id=\"ckeditor_img66\" src=\"https:\/\/ae01.alicdn.com\/kf\/Sa6a621aa8ade4777bb7422a079fe44ddY.jpg?width=800&amp;height=1024&amp;hash=1824\"><\/p>\n<p><img decoding=\"async\" alt=\"HTB1lviqHFXXXXcjXXXXq6xXFXXXN \" data-id=\"ckeditor_img67\" src=\"http:\/\/ae01.alicdn.com\/kf\/HTB1.jQwRXXXXXa9XpXXq6xXFXXXc.jpg?size=173713&amp;height=1092&amp;width=800&amp;hash=ad1336878c117af7ba78fba4df215118\"><\/p>\n<p>&nbsp;<\/p>\n<p style=\"margin: 0.0px;padding: 0.0px;border: 0.0px;font-size: 13.0px;line-height: 16.9px;font-family: arial , helvetica , sans-serif;vertical-align: baseline;color: #000000\"><span style=\"margin: 0.0px;padding: 0.0px;border: 0.0px;font-style: inherit;font-weight: 700;font-size: 13.3333px;line-height: 24.0px;font-family: arial;vertical-align: baseline\"><span style=\"margin: 0.0px;padding: 0.0px;border: 0.0px;font-style: inherit;font-weight: inherit;font-size: inherit;line-height: 18.0px;vertical-align: baseline;color: #ff0000\"><span style=\"margin: 0.0px;padding: 0.0px;border: 0.0px;font-style: inherit;font-weight: inherit;font-size: 16.0px;line-height: 24.0px;vertical-align: baseline\">REMARQUE !!!<\/span><\/span><\/span><\/p>\n<div style=\"line-height: inherit;margin: 0.0px;padding: 0.0px;border: 0.0px;font-size: 13.3333px;font-family: arial;vertical-align: baseline;color: #000000\">&nbsp;<\/div>\n<div style=\"line-height: inherit;margin: 0.0px;padding: 0.0px;border: 0.0px;font-size: 13.3333px;font-family: arial;vertical-align: baseline;color: #000000\"><span style=\"margin: 0.0px;padding: 0.0px;border: 0.0px;font-style: inherit;font-weight: inherit;font-size: inherit;line-height: 18.0px;vertical-align: baseline;color: #ff0000\"><span style=\"margin: 0.0px;padding: 0.0px;border: 0.0px;font-style: inherit;font-weight: inherit;font-size: 16.0px;line-height: 24.0px;vertical-align: baseline\">1.About color&nbsp;<\/span><\/span><\/div>\n<div style=\"line-height: inherit;margin: 0.0px;padding: 0.0px;border: 0.0px;font-size: 13.3333px;font-family: arial;vertical-align: baseline;color: #000000\"><img decoding=\"async\" alt=\"HTB1LBPoJVXXXXbqXpXXq6xXFXXXM\" data-id=\"ckeditor_img68\" src=\"http:\/\/ae01.alicdn.com\/kf\/HTB1cBwERXXXXXbsXXXXq6xXFXXX2.jpg?size=21805&amp;height=192&amp;width=800&amp;hash=2bbe93d9175e398904e1eb040f2b84f4\"><\/div>\n<div style=\"line-height: inherit;margin: 0.0px;padding: 0.0px;border: 0.0px;font-size: 13.3333px;font-family: arial;vertical-align: baseline;color: #000000\"><span style=\"margin: 0.0px;padding: 0.0px;border: 0.0px;font-style: inherit;font-weight: inherit;font-size: 16.0px;line-height: 24.0px;vertical-align: baseline\">Si vous avez des doutes sur les photos que nous montrons, vous pouvez nous demander les vraies photos. Les mod\u00e8les pr\u00e9sent\u00e9s peuvent avoir quelques<\/span><\/div>\n<div style=\"line-height: inherit;margin: 0.0px;padding: 0.0px;border: 0.0px;font-size: 13.3333px;font-family: arial;vertical-align: baseline;color: #000000\"><span style=\"margin: 0.0px;padding: 0.0px;border: 0.0px;font-style: inherit;font-weight: inherit;font-size: 16.0px;line-height: 24.0px;vertical-align: baseline\">diff\u00e9rence avec les vrais !<\/span><\/div>\n<div style=\"line-height: inherit;margin: 0.0px;padding: 0.0px;border: 0.0px;font-size: 13.3333px;font-family: arial;vertical-align: baseline;color: #000000\"><span style=\"margin: 0.0px;padding: 0.0px;border: 0.0px;font-style: inherit;font-weight: inherit;font-size: inherit;line-height: 18.0px;vertical-align: baseline;color: #ff0000\"><span style=\"margin: 0.0px;padding: 0.0px;border: 0.0px;font-style: inherit;font-weight: inherit;font-size: 16.0px;line-height: 24.0px;vertical-align: baseline\">&nbsp;2.About size&nbsp;<\/span><\/span><\/div>\n<div style=\"line-height: inherit;margin: 0.0px;padding: 0.0px;border: 0.0px;font-size: 13.3333px;font-family: arial;vertical-align: baseline;color: #000000\"><span style=\"margin: 0.0px;padding: 0.0px;border: 0.0px;font-style: inherit;font-weight: inherit;font-size: 16.0px;line-height: 24.0px;vertical-align: baseline\">Veuillez noter que si votre pied est \u00e9pais ou large, nous vous sugg\u00e9rons de choisir une taille au-dessus.<\/span><\/div>\n<div style=\"line-height: inherit;margin: 0.0px;padding: 0.0px;border: 0.0px;font-size: 13.3333px;font-family: arial;vertical-align: baseline;color: #000000\"><span style=\"margin: 0.0px;padding: 0.0px;border: 0.0px;font-style: inherit;font-weight: inherit;font-size: 16.0px;line-height: 24.0px;vertical-align: baseline\">avant de passer commande !<\/span><\/div>\n<div style=\"line-height: inherit;margin: 0.0px;padding: 0.0px;border: 0.0px;font-size: 13.3333px;font-family: arial;vertical-align: baseline;color: #000000\">&nbsp;<\/div>\n<div style=\"line-height: inherit;margin: 0.0px;padding: 0.0px;border: 0.0px;font-size: 13.3333px;font-family: arial;vertical-align: baseline;color: #000000\"><span style=\"margin: 0.0px;padding: 0.0px;border: 0.0px;font-style: inherit;font-weight: inherit;font-size: 16.0px;line-height: 24.0px;vertical-align: baseline\">&nbsp; &nbsp; &nbsp; &nbsp; Shipping tracking number will file in order after shipped,you can track of it.<\/span><\/div>\n<div style=\"line-height: inherit;margin: 0.0px;padding: 0.0px;border: 0.0px;font-size: 13.3333px;font-family: arial;vertical-align: baseline;color: #000000\">&nbsp;<\/div>\n<div style=\"line-height: inherit;margin: 0.0px;padding: 0.0px;border: 0.0px;font-size: 13.3333px;font-family: arial;vertical-align: baseline;color: #000000\"><span style=\"margin: 0.0px;padding: 0.0px;border: 0.0px;font-style: inherit;font-weight: 700;font-size: inherit;line-height: 24.0px;vertical-align: baseline\"><span style=\"margin: 0.0px;padding: 0.0px;border: 0.0px;font-style: inherit;font-weight: inherit;font-size: inherit;line-height: 18.0px;vertical-align: baseline;color: #ff0000\"><span style=\"margin: 0.0px;padding: 0.0px;border: 0.0px;font-style: inherit;font-weight: inherit;font-size: 16.0px;line-height: 24.0px;vertical-align: baseline\">Retour d'information :<\/span><\/span><\/span><\/div>\n<div style=\"line-height: inherit;margin: 0.0px;padding: 0.0px;border: 0.0px;font-size: 13.3333px;font-family: arial;vertical-align: baseline;color: #000000\"><span style=\"margin: 0.0px;padding: 0.0px;border: 0.0px;font-style: inherit;font-weight: inherit;font-size: 16.0px;line-height: 24.0px;vertical-align: baseline\">1&nbsp;We depend on your satisfaction to succeed,so feedback is extremely important to us,please post a good feedback<\/span><\/div>\n<div style=\"line-height: inherit;margin: 0.0px;padding: 0.0px;border: 0.0px;font-size: 13.3333px;font-family: arial;vertical-align: baseline;color: #000000\">&nbsp;<\/div>\n<div style=\"line-height: inherit;margin: 0.0px;padding: 0.0px;border: 0.0px;font-size: 13.3333px;font-family: arial;vertical-align: baseline;color: #000000\"><span style=\"margin: 0.0px;padding: 0.0px;border: 0.0px;font-style: inherit;font-weight: inherit;font-size: 16.0px;line-height: 24.0px;vertical-align: baseline\">2&nbsp;We always appreciate and try to care about our valued customers, pleaes give us the opportunity to resolve any<\/span><\/div>\n<div style=\"line-height: inherit;margin: 0.0px;padding: 0.0px;border: 0.0px;font-size: 13.3333px;font-family: arial;vertical-align: baseline;color: #000000\"><span style=\"margin: 0.0px;padding: 0.0px;border: 0.0px;font-style: inherit;font-weight: inherit;font-size: 16.0px;line-height: 24.0px;vertical-align: baseline\">des probl\u00e8mes qui peuvent vous contrarier et vous frustrer.<\/span><\/div>\n<div style=\"line-height: inherit;margin: 0.0px;padding: 0.0px;border: 0.0px;font-size: 13.3333px;font-family: arial;vertical-align: baseline;color: #000000\">&nbsp;<\/div>\n<div style=\"line-height: inherit;margin: 0.0px;padding: 0.0px;border: 0.0px;font-size: 13.3333px;font-family: arial;vertical-align: baseline;color: #000000\"><span style=\"margin: 0.0px;padding: 0.0px;border: 0.0px;font-style: inherit;font-weight: inherit;font-size: 16.0px;line-height: 24.0px;vertical-align: baseline\">3&nbsp;Please send us E-mail first before you want to leave negative feedback or dispute on Aliexpress,we are sure<\/span><\/div>\n<div style=\"line-height: inherit;margin: 0.0px;padding: 0.0px;border: 0.0px;font-size: 13.3333px;font-family: arial;vertical-align: baseline;color: #000000\"><span style=\"margin: 0.0px;padding: 0.0px;border: 0.0px;font-style: inherit;font-weight: inherit;font-size: 16.0px;line-height: 24.0px;vertical-align: baseline\">you will feel satisfactory with our answer.<\/span><\/div>\n<div style=\"line-height: inherit;margin: 0.0px;padding: 0.0px;border: 0.0px;font-size: 13.3333px;font-family: arial;vertical-align: baseline;color: #000000\"><span style=\"margin: 0.0px;padding: 0.0px;border: 0.0px;font-style: inherit;font-weight: inherit;font-size: 16.0px;line-height: 24.0px;vertical-align: baseline\">&nbsp;Nous vous invitons \u00e0 commander \u00e0 nouveau et nous vous ferons b\u00e9n\u00e9ficier d'une remise suppl\u00e9mentaire.<\/span><\/div>\n<div style=\"line-height: inherit;margin: 0.0px;padding: 0.0px;border: 0.0px;font-size: 13.3333px;font-family: arial;vertical-align: baseline;color: #000000\"><img decoding=\"async\" alt=\"HTB18LRILpXXXXbuXXXXq6xXFXXXf \" data-id=\"ckeditor_img69\" src=\"http:\/\/ae01.alicdn.com\/kf\/HTB1g9nVRXXXXXcIapXXq6xXFXXX7.jpg?size=26839&amp;height=113&amp;width=710&amp;hash=afb6f159056a512882d06eee617ac214\"><\/div>\n<div style=\"line-height: inherit;margin: 0.0px;padding: 0.0px;border: 0.0px;font-size: 13.3333px;font-family: arial;vertical-align: baseline;color: #000000\">&nbsp;<\/div>\n<div style=\"line-height: inherit;margin: 0.0px;padding: 0.0px;border: 0.0px;font-size: 13.3333px;font-family: arial;vertical-align: baseline;color: #000000\"><span style=\"margin: 0.0px;padding: 0.0px;border: 0.0px;font-style: inherit;font-weight: inherit;font-size: 16.0px;line-height: 24.0px;vertical-align: baseline\"><img decoding=\"async\" alt=\"DDW)}~JSFI}LJRS}36FA5ZY\" data-id=\"ckeditor_img70\" src=\"https:\/\/ae01.alicdn.com\/kf\/S76987849d8564b0183451cd37218cc90D.jpg?width=800&amp;height=381&amp;hash=1181\" style=\"margin: 0.0px;padding: 0.0px;border: 0.0px;font-style: inherit;font-weight: inherit;font-size: 0.0px;line-height: inherit;vertical-align: middle;color: transparent\"><\/span><\/div>\n<div style=\"line-height: inherit;margin: 0.0px;padding: 0.0px;border: 0.0px;font-size: 13.3333px;font-family: arial;vertical-align: baseline;color: #000000\"><span style=\"margin: 0.0px;padding: 0.0px;border: 0.0px;font-style: inherit;font-weight: inherit;font-size: 16.0px;line-height: 24.0px;vertical-align: baseline\"><img decoding=\"async\" alt=\"L@_$OX5}(_ALHA60(4]K}@A\" data-id=\"ckeditor_img71\" src=\"https:\/\/ae01.alicdn.com\/kf\/S3511edf9b01b4f9193596c7d17ded771M.jpg?width=800&amp;height=382&amp;hash=1182\" style=\"margin: 0.0px;padding: 0.0px;border: 0.0px;font-style: inherit;font-weight: inherit;font-size: 0.0px;line-height: inherit;vertical-align: middle;color: transparent\"><\/span><\/div>\n<\/div>\n<p>&nbsp;<\/p>\n<p>&nbsp;<\/p>\n<\/div>\n<\/div>","protected":false},"excerpt":{"rendered":"<p>&nbsp; &nbsp; &nbsp; NOTE!!! &nbsp; 1.About color&nbsp; If you are hesitate about the pictures we show, you can ask us for the real photos. Model shows may have some difference with the real ones ! &nbsp;2.About size&nbsp; Pls note if your foot is thick or wide,we suggest you choose one size larger ,So please measures [&#8230;]","protected":false},"featured_media":21592,"comment_status":"open","ping_status":"closed","template":"","meta":[],"product_brand":[],"product_cat":[],"product_tag":[],"class_list":{"0":"post-21590","1":"product","2":"type-product","3":"status-publish","4":"has-post-thumbnail","6":"pa_color-brown","7":"pa_color-black","8":"pa_color-green","9":"pa_color-white","11":"first","12":"instock","13":"shipping-taxable","14":"purchasable","15":"product-type-variable"},"_links":{"self":[{"href":"https:\/\/foyeye.com\/fr\/wp-json\/wp\/v2\/product\/21590","targetHints":{"allow":["GET"]}}],"collection":[{"href":"https:\/\/foyeye.com\/fr\/wp-json\/wp\/v2\/product"}],"about":[{"href":"https:\/\/foyeye.com\/fr\/wp-json\/wp\/v2\/types\/product"}],"replies":[{"embeddable":true,"href":"https:\/\/foyeye.com\/fr\/wp-json\/wp\/v2\/comments?post=21590"}],"version-history":[{"count":0,"href":"https:\/\/foyeye.com\/fr\/wp-json\/wp\/v2\/product\/21590\/revisions"}],"wp:featuredmedia":[{"embeddable":true,"href":"https:\/\/foyeye.com\/fr\/wp-json\/wp\/v2\/media\/21592"}],"wp:attachment":[{"href":"https:\/\/foyeye.com\/fr\/wp-json\/wp\/v2\/media?parent=21590"}],"wp:term":[{"taxonomy":"product_brand","embeddable":true,"href":"https:\/\/foyeye.com\/fr\/wp-json\/wp\/v2\/product_brand?post=21590"},{"taxonomy":"product_cat","embeddable":true,"href":"https:\/\/foyeye.com\/fr\/wp-json\/wp\/v2\/product_cat?post=21590"},{"taxonomy":"product_tag","embeddable":true,"href":"https:\/\/foyeye.com\/fr\/wp-json\/wp\/v2\/product_tag?post=21590"}],"curies":[{"name":"wp","href":"https:\/\/api.w.org\/{rel}","templated":true}]}}