{"id":22005,"date":"2025-11-30T08:46:47","date_gmt":"2025-11-30T08:46:47","guid":{"rendered":"https:\/\/foyeye.com\/product\/small-size-33-43-comfortable-thick-bottom-genuine-leather-slippers-platform-shoes-women-summer-high-heels-slides-office-mom\/"},"modified":"2025-11-30T08:46:51","modified_gmt":"2025-11-30T08:46:51","slug":"small-size-33-43-comfortable-thick-bottom-genuine-leather-slippers-platform-shoes-women-summer-high-heels-slides-office-mom","status":"publish","type":"product","link":"https:\/\/foyeye.com\/fr\/produit\/small-size-33-43-comfortable-thick-bottom-genuine-leather-slippers-platform-shoes-women-summer-high-heels-slides-office-mom\/","title":{"rendered":"Small Size 33-43 Comfortable Thick Bottom Genuine Leather Slippers Platform Shoes Women Summer High Heels Slides Office Mom"},"content":{"rendered":"<div class=\"detailmodule_html\">\n<div class=\"detail-desc-decorate-richtext\">\n<p style=\"text-align: left;margin:0\"><img decoding=\"async\" src=\"https:\/\/ae01.alicdn.com\/kf\/Sa57dd9ad5f4c41daaaeb337793171b55Y.jpg?width=950&amp;height=121&amp;hash=1071\"><br \/>\n<img decoding=\"async\" src=\"https:\/\/ae01.alicdn.com\/kf\/S5846bd48d53c476e8e47ba147494b263c.jpg?width=899&amp;height=880&amp;hash=1779\"><\/p>\n<p>\n<img decoding=\"async\" src=\"https:\/\/ae01.alicdn.com\/kf\/S384b49a1ea9645b7a811ad1ecf518aaaK.jpg?width=800&amp;height=800&amp;hash=1600\" width=\"751px;\"><img decoding=\"async\" src=\"https:\/\/ae01.alicdn.com\/kf\/S75470bc29ad542c8a1b20829a6b965f2N.jpg?width=750&amp;height=1434&amp;hash=2184\" width=\"751px;\"><img decoding=\"async\" src=\"https:\/\/ae01.alicdn.com\/kf\/S19b89cfc26394740aa2695534a2e7392w.jpg?width=750&amp;height=688&amp;hash=1438\" width=\"751px;\"><img decoding=\"async\" src=\"https:\/\/ae01.alicdn.com\/kf\/Sa16cf2105c91480b82e4b2e4298d80602.jpg?width=750&amp;height=691&amp;hash=1441\" width=\"751px;\"><img decoding=\"async\" src=\"https:\/\/ae01.alicdn.com\/kf\/Sc7a1e5ccbfc44069b500f7588d806902r.jpg?width=750&amp;height=709&amp;hash=1459\" width=\"751px;\"><img decoding=\"async\" src=\"https:\/\/ae01.alicdn.com\/kf\/Sc98dec48336c491b875609768dc9a010l.jpg?width=750&amp;height=632&amp;hash=1382\" width=\"751px;\"><img decoding=\"async\" src=\"https:\/\/ae01.alicdn.com\/kf\/Sa9ce2f57fb3041c89a80ad7752d77cabR.jpg?width=750&amp;height=1189&amp;hash=1939\" width=\"751px;\"><\/p>\n<p><img decoding=\"async\" src=\"https:\/\/ae01.alicdn.com\/kf\/S2ff9d28276e145e79d866c94e71f5f31d.jpg?width=800&amp;height=1092&amp;hash=1892\"><\/p>\n<p style=\"margin: 0px;font-size: 14px;line-height: inherit;padding: 0px;, Roboto, Arial, Helvetica, sans-serif, SimSun\"><strong><span style=\"margin: 0px;padding: 0px;max-width: 100%;font-size: 13.3333px;font-family: arial\"><span style=\"margin: 0px;padding: 0px;max-width: 100%;font-size: inherit\"><span data-spm-anchor-id=\"a2g0o.detail.1000023.i1.302b45cepB6diY\" style=\"margin: 0px;padding: 0px;max-width: 100%;font-size: 16px\">REMARQUE !!!<\/span><\/span><\/span><\/strong><\/p>\n<div style=\"margin: 0px;padding: 0px;, Roboto, Arial, Helvetica, sans-serif, SimSun;font-size: 14px\">\n<div style=\"margin: 0px;padding: 0px\">\n<div style=\"margin: 0px;padding: 0px\">\n<div style=\"margin: 0px;padding: 0px;font-family: arial;font-size: 13.3333px;line-height: inherit;border: 0px\"><strong><span style=\"font-size:18px\"><span style=\"margin: 0px;padding: 0px;max-width: 100%\"><span style=\"margin: 0px;padding: 0px;max-width: 100%\">1. PAIEMENT&nbsp;<\/span><\/span><\/span><\/strong><br \/>\n<span style=\"margin: 0px;padding: 0px;max-width: 100%;font-size: 16px\">&nbsp; &nbsp; Apr\u00e8s l'annulation de la commande, l'argent sera revers\u00e9 sur votre compte dans un d\u00e9lai de 1 \u00e0 15 jours ouvrables.<\/span><br \/>\n<img decoding=\"async\" src=\"https:\/\/ae01.alicdn.com\/kf\/S9e5afd0d67774e43bfd97327b5b00cf4J.jpg?width=800&amp;height=73&amp;hash=873\"><br \/>\n<strong><span style=\"font-size:18px\"><span style=\"margin: 0px;padding: 0px;max-width: 100%\"><span style=\"margin: 0px;padding: 0px;max-width: 100%\">2.EXP\u00c9DITION&nbsp;<\/span><\/span><\/span><\/strong><br \/>\n<span style=\"margin: 0px;padding: 0px;max-width: 100%;font-size: 16px\">&nbsp; &nbsp; veuillez confirmer votre adresse avant le paiement.<br \/>\n&nbsp; &nbsp; Nous enverrons les articles dans un d\u00e9lai de 3 jours ouvrables une fois le paiement effectu\u00e9. (Les jours f\u00e9ri\u00e9s peuvent \u00eatre prolong\u00e9s)<br \/>\n<strong><span style=\"font-size:18px\"><span style=\"margin: 0px;padding: 0px;max-width: 100%\"><span style=\"margin: 0px;padding: 0px;max-width: 100%\">3.POLITIQUE DE RETOUR<\/span><\/span><\/span><\/strong><br \/>\n<span style=\"margin: 0px;padding: 0px;max-width: 100%;font-size: 16px\">&nbsp; &nbsp; Le client doit retourner les articles dans leur \u00e9tat d'origine dans un d\u00e9lai de 3 jours si un article est d\u00e9fectueux \u00e0 la r\u00e9ception.<br \/>\n&nbsp; &nbsp; L'acheteur est responsable des frais de retour et de manutention.&nbsp;<\/span><\/span><\/div>\n<div data-spm-anchor-id=\"a2g0o.detail.1000023.i0.302b45cepB6diY\" style=\"margin: 0px;padding: 0px;font-family: arial;font-size: 13.3333px;line-height: inherit;border: 0px\"><strong><span style=\"font-size:18px\"><span style=\"margin: 0px;padding: 0px;max-width: 100%\"><span style=\"margin: 0px;padding: 0px;max-width: 100%\">4. \u00e0 propos de la couleur&nbsp;<\/span><\/span><\/span><\/strong> <span style=\"margin: 0px;padding: 0px;max-width: 100%;font-size: inherit\"><span style=\"margin: 0px;padding: 0px;max-width: 100%;font-size: 16px\"><\/span><\/span><\/p>\n<p style=\"text-align: left;margin:0\"><img decoding=\"async\" src=\"https:\/\/ae01.alicdn.com\/kf\/S9ad04a2b8acc47c983a12e24fdcf9ed19.jpg?width=800&amp;height=192&amp;hash=992\"><\/p>\n<p><span style=\"margin: 0px;padding: 0px;max-width: 100%;font-size: inherit\"><span style=\"margin: 0px;padding: 0px;max-width: 100%;font-size: 16px\"><\/span><\/span><\/p>\n<div style=\"margin: 0px;padding: 0px;font-style: normal;font-weight: 400;letter-spacing: normal;text-align: start;text-indent: 0px;text-transform: none;font-family: arial;font-size: 13.3333px;line-height: inherit;border: 0px\"><span data-spm-anchor-id=\"a2g0o.detail.1000023.i4.302b45cepB6diY\" style=\"margin: 0px;padding: 0px;max-width: 100%;font-size: 16px\">Si vous avez des doutes sur les photos que nous montrons, vous pouvez nous demander les vraies photos. Les mod\u00e8les pr\u00e9sent\u00e9s peuvent avoir quelques<\/span><\/div>\n<div style=\"margin: 0px;padding: 0px;font-style: normal;font-weight: 400;letter-spacing: normal;text-align: start;text-indent: 0px;text-transform: none;font-family: arial;font-size: 13.3333px;line-height: inherit;border: 0px\"><span style=\"margin: 0px;padding: 0px;max-width: 100%;font-size: 16px\">diff\u00e9rence avec les vrais !<\/span><\/div>\n<div style=\"margin: 0px;padding: 0px;font-style: normal;font-weight: 400;letter-spacing: normal;text-align: start;text-indent: 0px;text-transform: none;font-family: arial;font-size: 13.3333px;line-height: inherit;border: 0px\"><strong><span style=\"font-size:18px\"><span style=\"margin: 0px;padding: 0px;max-width: 100%\"><span style=\"margin: 0px;padding: 0px;max-width: 100%\">&nbsp;5. environ la taille&nbsp;<\/span><\/span><\/span><\/strong><\/div>\n<div style=\"margin: 0px;padding: 0px;font-style: normal;font-weight: 400;letter-spacing: normal;text-align: start;text-indent: 0px;text-transform: none;font-family: arial;font-size: 13.3333px;line-height: inherit;border: 0px\"><span style=\"margin: 0px;padding: 0px;max-width: 100%;font-size: 16px\">Veuillez noter que si votre pied est \u00e9pais ou large, nous vous sugg\u00e9rons de choisir une taille au-dessus.<\/span><\/div>\n<div style=\"margin: 0px;padding: 0px;font-style: normal;font-weight: 400;letter-spacing: normal;text-align: start;text-indent: 0px;text-transform: none;font-family: arial;font-size: 13.3333px;line-height: inherit;border: 0px\"><span style=\"margin: 0px;padding: 0px;max-width: 100%;font-size: 16px\">avant de passer commande !<\/span><\/div>\n<div style=\"margin: 0px;padding: 0px;font-style: normal;font-weight: 400;letter-spacing: normal;text-align: start;text-indent: 0px;text-transform: none;font-family: arial;font-size: 13.3333px;line-height: inherit;border: 0px\"><img decoding=\"async\" src=\"https:\/\/ae01.alicdn.com\/kf\/S431053fbccb849c1bd24e1b3c9c8601aY.jpg?width=800&amp;height=595&amp;hash=1395\"><\/div>\n<div style=\"margin: 0px;padding: 0px;font-style: normal;font-weight: 400;letter-spacing: normal;text-align: start;text-indent: 0px;text-transform: none;font-family: arial;font-size: 13.3333px;line-height: inherit;border: 0px\"><span style=\"font-size:22px\"><strong><span style=\"margin: 0px;padding: 0px;max-width: 100%\"><span style=\"margin: 0px;padding: 0px;max-width: 100%\"><span style=\"margin: 0px;padding: 0px;max-width: 100%\">Retour d'information :<\/span><\/span><\/span><\/strong><\/span><\/div>\n<div style=\"margin: 0px;padding: 0px;font-style: normal;font-weight: 400;letter-spacing: normal;text-align: start;text-indent: 0px;text-transform: none;font-family: arial;font-size: 13.3333px;line-height: inherit;border: 0px\"><span style=\"margin: 0px;padding: 0px;max-width: 100%;font-size: 16px\">1&nbsp;We depend on your satisfaction to succeed,so feedback is extremely important to us,please post a good feedback<\/span><\/div>\n<div style=\"margin: 0px;padding: 0px;font-style: normal;font-weight: 400;letter-spacing: normal;text-align: start;text-indent: 0px;text-transform: none;font-family: arial;font-size: 13.3333px;line-height: inherit;border: 0px\">&nbsp;<\/div>\n<div style=\"margin: 0px;padding: 0px;font-style: normal;font-weight: 400;letter-spacing: normal;text-align: start;text-indent: 0px;text-transform: none;font-family: arial;font-size: 13.3333px;line-height: inherit;border: 0px\"><span style=\"margin: 0px;padding: 0px;max-width: 100%;font-size: 16px\">2&nbsp;We always appreciate and try to care about our valued customers, pleaes give us the opportunity to resolve any<\/span><\/div>\n<div style=\"margin: 0px;padding: 0px;font-style: normal;font-weight: 400;letter-spacing: normal;text-align: start;text-indent: 0px;text-transform: none;font-family: arial;font-size: 13.3333px;line-height: inherit;border: 0px\"><span style=\"margin: 0px;padding: 0px;max-width: 100%;font-size: 16px\">des probl\u00e8mes qui peuvent vous contrarier et vous frustrer.<\/span><\/div>\n<div style=\"margin: 0px;padding: 0px;font-style: normal;font-weight: 400;letter-spacing: normal;text-align: start;text-indent: 0px;text-transform: none;font-family: arial;font-size: 13.3333px;line-height: inherit;border: 0px\">&nbsp;<\/div>\n<div style=\"margin: 0px;padding: 0px;font-style: normal;font-weight: 400;letter-spacing: normal;text-align: start;text-indent: 0px;text-transform: none;font-family: arial;font-size: 13.3333px;line-height: inherit;border: 0px\"><span style=\"margin: 0px;padding: 0px;max-width: 100%;font-size: 16px\">3&nbsp;Please send us E-mail&nbsp;<span style=\"margin: 0px;padding: 0px;max-width: 100%;font-size: 16px\">(515805615@qq.com)&nbsp;<\/span> first before you want to leave negative feedback or dispute on <\/span><\/div>\n<div style=\"margin: 0px;padding: 0px;font-style: normal;font-weight: 400;letter-spacing: normal;text-align: start;text-indent: 0px;text-transform: none;font-family: arial;font-size: 13.3333px;line-height: inherit;border: 0px\"><span style=\"margin: 0px;padding: 0px;max-width: 100%;font-size: 16px\"><span style=\"margin: 0px;padding: 0px;max-width: 100%;font-size: 16px\">Aliexpress,we are sure&nbsp;<\/span>you will feel satisfactory with our answer.<\/span><\/div>\n<div data-spm-anchor-id=\"a2g0o.detail.1000023.i3.302b45cepB6diY\" style=\"margin: 0px;padding: 0px;font-style: normal;font-weight: 400;letter-spacing: normal;text-align: start;text-indent: 0px;text-transform: none;font-family: arial;font-size: 13.3333px;line-height: inherit;border: 0px\"><span style=\"margin: 0px;padding: 0px;max-width: 100%;font-size: 16px\">&nbsp;Nous vous invitons \u00e0 commander \u00e0 nouveau et nous vous ferons b\u00e9n\u00e9ficier d'une remise suppl\u00e9mentaire.<\/span><\/div>\n<p><span style=\"margin: 0px;padding: 0px;max-width: 100%;font-size: inherit\"> <\/span><\/p>\n<p style=\"text-align: left;margin:0\">&nbsp;<\/p>\n<\/div>\n<\/div>\n<\/div>\n<\/div>\n<\/div>\n<\/div>","protected":false},"excerpt":{"rendered":"<p>NOTE!!! 1.PAYMENT&nbsp; &nbsp; &nbsp; After you cancelled the order, money will back to your account within 1-15 business days 2.SHIPPING&nbsp; &nbsp; &nbsp; please confirm your address before payment. &nbsp; &nbsp; We will send the items within 3 Business days once your payment is completed. (Holidays may be extended) 3.RETURN POLICY &nbsp; &nbsp; Customer should return [&#8230;]","protected":false},"featured_media":22006,"comment_status":"open","ping_status":"closed","template":"","meta":[],"product_brand":[],"product_cat":[],"product_tag":[],"class_list":{"0":"post-22005","1":"product","2":"type-product","3":"status-publish","4":"has-post-thumbnail","6":"pa_color-black-11-5cm","7":"pa_color-black-6cm","8":"pa_color-black-8cm","9":"pa_color-white-11-5cm","10":"pa_color-white-6cm","11":"pa_color-white-8cm","13":"first","14":"instock","15":"shipping-taxable","16":"purchasable","17":"product-type-variable"},"_links":{"self":[{"href":"https:\/\/foyeye.com\/fr\/wp-json\/wp\/v2\/product\/22005","targetHints":{"allow":["GET"]}}],"collection":[{"href":"https:\/\/foyeye.com\/fr\/wp-json\/wp\/v2\/product"}],"about":[{"href":"https:\/\/foyeye.com\/fr\/wp-json\/wp\/v2\/types\/product"}],"replies":[{"embeddable":true,"href":"https:\/\/foyeye.com\/fr\/wp-json\/wp\/v2\/comments?post=22005"}],"version-history":[{"count":0,"href":"https:\/\/foyeye.com\/fr\/wp-json\/wp\/v2\/product\/22005\/revisions"}],"wp:featuredmedia":[{"embeddable":true,"href":"https:\/\/foyeye.com\/fr\/wp-json\/wp\/v2\/media\/22006"}],"wp:attachment":[{"href":"https:\/\/foyeye.com\/fr\/wp-json\/wp\/v2\/media?parent=22005"}],"wp:term":[{"taxonomy":"product_brand","embeddable":true,"href":"https:\/\/foyeye.com\/fr\/wp-json\/wp\/v2\/product_brand?post=22005"},{"taxonomy":"product_cat","embeddable":true,"href":"https:\/\/foyeye.com\/fr\/wp-json\/wp\/v2\/product_cat?post=22005"},{"taxonomy":"product_tag","embeddable":true,"href":"https:\/\/foyeye.com\/fr\/wp-json\/wp\/v2\/product_tag?post=22005"}],"curies":[{"name":"wp","href":"https:\/\/api.w.org\/{rel}","templated":true}]}}