{"id":22261,"date":"2025-11-30T08:48:21","date_gmt":"2025-11-30T08:48:21","guid":{"rendered":"https:\/\/foyeye.com\/product\/2025-retro-women-boots-ladies-british-wind-students-ankle-boots-korean-casual-short-boots-japanese-original-big-head-doll-shoes\/"},"modified":"2025-11-30T08:48:22","modified_gmt":"2025-11-30T08:48:22","slug":"2025-retro-women-boots-ladies-british-wind-students-ankle-boots-korean-casual-short-boots-japanese-original-big-head-doll-shoes","status":"publish","type":"product","link":"https:\/\/foyeye.com\/fr\/produit\/2025-retro-women-boots-ladies-british-wind-students-ankle-boots-korean-casual-short-boots-japanese-original-big-head-doll-shoes\/","title":{"rendered":"2025 Retro Women Boots Ladies British Wind Students Ankle Boots Korean Casual Short Boots Japanese Original Big Head Doll Shoes"},"content":{"rendered":"<div class=\"detailmodule_html\">\n<div class=\"detail-desc-decorate-richtext\">\n<p style=\"text-align:left;margin:0px;margin-bottom:0px;margin-top:0px;margin-left:0px;margin-right:0px\" align=\"left\"><img decoding=\"async\" src=\"https:\/\/ae01.alicdn.com\/kf\/Sa57dd9ad5f4c41daaaeb337793171b55Y.jpg?width=950&amp;height=121&amp;hash=1071\" \/><br \/><img decoding=\"async\" src=\"https:\/\/ae01.alicdn.com\/kf\/S5846bd48d53c476e8e47ba147494b263c.jpg?width=899&amp;height=880&amp;hash=1779\" \/><\/p>\n<p><img decoding=\"async\" style=\"width:751px\" width=\"751px\" src=\"https:\/\/ae01.alicdn.com\/kf\/S3f3138669be6466a8c801d7043544558Q.jpg?width=790&amp;height=964&amp;hash=1754\" \/><img decoding=\"async\" style=\"width:751px\" width=\"751px\" src=\"https:\/\/ae01.alicdn.com\/kf\/S97e2c52abee142e593e4af1cc914f68aR.jpg?width=771&amp;height=472&amp;hash=1243\" \/><img decoding=\"async\" style=\"width:751px\" width=\"751px\" src=\"https:\/\/ae01.alicdn.com\/kf\/Scb56ac4ab8334e779486566e46a2a16eK.jpg?width=780&amp;height=523&amp;hash=1303\" \/><img decoding=\"async\" style=\"width:751px\" width=\"751px\" src=\"https:\/\/ae01.alicdn.com\/kf\/S8b6ec837d3b8447aaec131a1020579c9X.jpg?width=790&amp;height=1422&amp;hash=2212\" \/><img decoding=\"async\" style=\"width:751px\" width=\"751px\" src=\"https:\/\/ae01.alicdn.com\/kf\/S914683def1204988ad22ec62654e83adR.jpg?width=790&amp;height=1107&amp;hash=1897\" \/><img decoding=\"async\" style=\"width:751px\" width=\"751px\" src=\"https:\/\/ae01.alicdn.com\/kf\/S0b7ba1283b73444abf3220636a53b16bl.jpg?width=790&amp;height=1125&amp;hash=1915\" \/><img decoding=\"async\" style=\"width:751px\" width=\"751px\" src=\"https:\/\/ae01.alicdn.com\/kf\/S9a6aea1b31d74f708e3645f7389108edL.jpg?width=790&amp;height=809&amp;hash=1599\" \/><img decoding=\"async\" style=\"width:751px\" width=\"751px\" src=\"https:\/\/ae01.alicdn.com\/kf\/Sb95a7b4d79124331be992656029b421fd.jpg?width=790&amp;height=1312&amp;hash=2102\" \/><img decoding=\"async\" style=\"width:751px\" width=\"751px\" src=\"https:\/\/ae01.alicdn.com\/kf\/Sc4b516611b3e47e4872c89711d55fbdeV.jpg?width=790&amp;height=1096&amp;hash=1886\" \/><\/p>\n<p><img decoding=\"async\" src=\"https:\/\/ae01.alicdn.com\/kf\/S2ff9d28276e145e79d866c94e71f5f31d.jpg?width=800&amp;height=1092&amp;hash=1892\" \/><\/p>\n<p style=\", Roboto, Arial, Helvetica, sans-serif, SimSun;font-size:14px;line-height:inherit;margin:0px;margin-bottom:0px;margin-top:0px;margin-left:0px;margin-right:0px;padding:0px;padding-bottom:0px;padding-top:0px;padding-left:0px;padding-right:0px\"><strong><span style=\"font-size:13.3333px;font-family:arial\"><span style=\"font-size:inherit\"><span style=\"font-size:16px\">REMARQUE !!!<\/span><\/span><\/span><\/strong><\/p>\n<div style=\", Roboto, Arial, Helvetica, sans-serif, SimSun;font-size:14px;margin:0px;margin-bottom:0px;margin-top:0px;margin-left:0px;margin-right:0px;padding:0px;padding-bottom:0px;padding-top:0px;padding-left:0px;padding-right:0px\">\n<div style=\"margin:0px;margin-bottom:0px;margin-top:0px;margin-left:0px;margin-right:0px;padding:0px;padding-bottom:0px;padding-top:0px;padding-left:0px;padding-right:0px\">\n<div style=\"margin:0px;margin-bottom:0px;margin-top:0px;margin-left:0px;margin-right:0px;padding:0px;padding-bottom:0px;padding-top:0px;padding-left:0px;padding-right:0px\">\n<div style=\"font-family:arial;font-size:13.3333px;line-height:inherit;border:0px;margin:0px;margin-bottom:0px;margin-top:0px;margin-left:0px;margin-right:0px;padding:0px;padding-bottom:0px;padding-top:0px;padding-left:0px;padding-right:0px\"><strong><span style=\"font-size:18px\"><span><span>1. PAIEMENT\u00a0<\/span><\/span><\/span><\/strong><br \/><span style=\"font-size:16px\">\u00a0 \u00a0 Apr\u00e8s l'annulation de la commande, l'argent sera revers\u00e9 sur votre compte dans un d\u00e9lai de 1 \u00e0 15 jours ouvrables.<\/span><br \/><img decoding=\"async\" src=\"https:\/\/ae01.alicdn.com\/kf\/Sb510845d030c49cbbc7dd20950de2bafo.jpg?width=800&amp;height=73&amp;hash=873\" \/><br \/><strong><span style=\"font-size:18px\"><span><span>2.EXP\u00c9DITION\u00a0<\/span><\/span><\/span><\/strong><br \/><span style=\"font-size:16px\">\u00a0 \u00a0 veuillez confirmer votre adresse avant le paiement.<br \/>Nous enverrons les articles dans un d\u00e9lai de 3 jours ouvrables une fois le paiement effectu\u00e9. (Les jours f\u00e9ri\u00e9s peuvent \u00eatre prolong\u00e9s)<br \/><\/span><span style=\"font-size:16px\"><strong><span style=\"font-size:18px\"><span><span>3.POLITIQUE DE RETOUR<\/span><\/span><\/span><\/strong><\/span><span style=\"font-size:16px\"><br \/>\u00a0 \u00a0 Le client doit retourner les articles dans leur \u00e9tat d'origine dans un d\u00e9lai de 3 jours si un article est d\u00e9fectueux \u00e0 la r\u00e9ception.<\/p>\n<p>\u00a0 \u00a0 L'acheteur est responsable des frais de retour et de manutention.\u00a0<\/span><\/div>\n<div style=\"font-family:arial;font-size:13.3333px;line-height:inherit;border:0px;margin:0px;margin-bottom:0px;margin-top:0px;margin-left:0px;margin-right:0px;padding:0px;padding-bottom:0px;padding-top:0px;padding-left:0px;padding-right:0px\">\n<div><strong><span style=\"font-size:18px\"><span><span>4. \u00e0 propos de la couleur\u00a0<\/span><\/span><\/span><\/strong> <\/div>\n<p style=\"text-align:left;margin:0px;margin-bottom:0px;margin-top:0px;margin-left:0px;margin-right:0px\" align=\"left\"><img decoding=\"async\" src=\"https:\/\/ae01.alicdn.com\/kf\/S722e13cd23e44b279bcab46f34b903d9H.jpg?width=800&amp;height=192&amp;hash=992\" \/><\/p>\n<div style=\"font-family:arial;font-size:13.3333px;font-weight:400;letter-spacing:normal;line-height:inherit;text-align:start;border:0px;margin:0px;margin-bottom:0px;margin-top:0px;margin-left:0px;margin-right:0px;padding:0px;padding-bottom:0px;padding-top:0px;padding-left:0px;padding-right:0px\" align=\"start\"><span style=\"font-size:16px\">Si vous avez des doutes sur les photos que nous montrons, vous pouvez nous demander les vraies photos. Les mod\u00e8les pr\u00e9sent\u00e9s peuvent avoir quelques<\/span><\/div>\n<div style=\"font-family:arial;font-size:13.3333px;font-weight:400;letter-spacing:normal;line-height:inherit;text-align:start;border:0px;margin:0px;margin-bottom:0px;margin-top:0px;margin-left:0px;margin-right:0px;padding:0px;padding-bottom:0px;padding-top:0px;padding-left:0px;padding-right:0px\" align=\"start\"><span style=\"font-size:16px\">diff\u00e9rence avec les vrais !<\/span><\/div>\n<div style=\"font-family:arial;font-size:13.3333px;font-weight:400;letter-spacing:normal;line-height:inherit;text-align:start;border:0px;margin:0px;margin-bottom:0px;margin-top:0px;margin-left:0px;margin-right:0px;padding:0px;padding-bottom:0px;padding-top:0px;padding-left:0px;padding-right:0px\" align=\"start\"><strong><span style=\"font-size:18px\"><span><span>\u00a05. environ la taille\u00a0<\/span><\/span><\/span><\/strong><\/div>\n<div style=\"font-family:arial;font-size:13.3333px;font-weight:400;letter-spacing:normal;line-height:inherit;text-align:start;border:0px;margin:0px;margin-bottom:0px;margin-top:0px;margin-left:0px;margin-right:0px;padding:0px;padding-bottom:0px;padding-top:0px;padding-left:0px;padding-right:0px\" align=\"start\"><span style=\"font-size:16px\">Veuillez noter que si votre pied est \u00e9pais ou large, nous vous sugg\u00e9rons de choisir une taille au-dessus.<\/span><\/div>\n<div style=\"font-family:arial;font-size:13.3333px;font-weight:400;letter-spacing:normal;line-height:inherit;text-align:start;border:0px;margin:0px;margin-bottom:0px;margin-top:0px;margin-left:0px;margin-right:0px;padding:0px;padding-bottom:0px;padding-top:0px;padding-left:0px;padding-right:0px\" align=\"start\"><span style=\"font-size:16px\">avant de passer commande !<\/span><\/div>\n<div style=\"font-family:arial;font-size:13.3333px;font-weight:400;letter-spacing:normal;line-height:inherit;text-align:start;border:0px;margin:0px;margin-bottom:0px;margin-top:0px;margin-left:0px;margin-right:0px;padding:0px;padding-bottom:0px;padding-top:0px;padding-left:0px;padding-right:0px\" align=\"start\"><\/div>\n<div style=\"font-family:arial;font-size:13.3333px;font-weight:400;letter-spacing:normal;line-height:inherit;text-align:start;border:0px;margin:0px;margin-bottom:0px;margin-top:0px;margin-left:0px;margin-right:0px;padding:0px;padding-bottom:0px;padding-top:0px;padding-left:0px;padding-right:0px\" align=\"start\"><span style=\"font-size:22px\"><strong><span><span>Retour d'information :<\/span><\/span><\/strong><\/span><\/div>\n<div style=\"font-family:arial;font-size:13.3333px;font-weight:400;letter-spacing:normal;line-height:inherit;text-align:start;border:0px;margin:0px;margin-bottom:0px;margin-top:0px;margin-left:0px;margin-right:0px;padding:0px;padding-bottom:0px;padding-top:0px;padding-left:0px;padding-right:0px\" align=\"start\"><span style=\"font-size:16px\">1 Nous d\u00e9pendons de votre satisfaction pour r\u00e9ussir, c'est pourquoi le retour d'information est extr\u00eamement important pour nous, veuillez envoyer un bon retour d'information.<\/span><\/div>\n<div style=\"font-family:arial;font-size:13.3333px;font-weight:400;letter-spacing:normal;line-height:inherit;text-align:start;border:0px;margin:0px;margin-bottom:0px;margin-top:0px;margin-left:0px;margin-right:0px;padding:0px;padding-bottom:0px;padding-top:0px;padding-left:0px;padding-right:0px\" align=\"start\"><\/div>\n<div style=\"font-family:arial;font-size:13.3333px;font-weight:400;letter-spacing:normal;line-height:inherit;text-align:start;border:0px;margin:0px;margin-bottom:0px;margin-top:0px;margin-left:0px;margin-right:0px;padding:0px;padding-bottom:0px;padding-top:0px;padding-left:0px;padding-right:0px\" align=\"start\"><span style=\"font-size:16px\">2 Nous appr\u00e9cions toujours nos clients et nous essayons de nous occuper d'eux, merci de nous donner la possibilit\u00e9 de r\u00e9soudre tout probl\u00e8me.<\/span><\/div>\n<div style=\"font-family:arial;font-size:13.3333px;font-weight:400;letter-spacing:normal;line-height:inherit;text-align:start;border:0px;margin:0px;margin-bottom:0px;margin-top:0px;margin-left:0px;margin-right:0px;padding:0px;padding-bottom:0px;padding-top:0px;padding-left:0px;padding-right:0px\" align=\"start\"><span style=\"font-size:16px\">des probl\u00e8mes qui peuvent vous contrarier et vous frustrer.<\/span><\/div>\n<div style=\"font-family:arial;font-size:13.3333px;font-weight:400;letter-spacing:normal;line-height:inherit;text-align:start;border:0px;margin:0px;margin-bottom:0px;margin-top:0px;margin-left:0px;margin-right:0px;padding:0px;padding-bottom:0px;padding-top:0px;padding-left:0px;padding-right:0px\" align=\"start\"><\/div>\n<div style=\"font-family:arial;font-size:13.3333px;font-weight:400;letter-spacing:normal;line-height:inherit;text-align:start;border:0px;margin:0px;margin-bottom:0px;margin-top:0px;margin-left:0px;margin-right:0px;padding:0px;padding-bottom:0px;padding-top:0px;padding-left:0px;padding-right:0px\" align=\"start\"><span style=\"font-size:16px\">3 Veuillez d'abord nous envoyer un e-mail (515805615@qq.com) avant de laisser un avis n\u00e9gatif ou un litige. <\/span><\/div>\n<div style=\"font-family:arial;font-size:13.3333px;font-weight:400;letter-spacing:normal;line-height:inherit;text-align:start;border:0px;margin:0px;margin-bottom:0px;margin-top:0px;margin-left:0px;margin-right:0px;padding:0px;padding-bottom:0px;padding-top:0px;padding-left:0px;padding-right:0px\" align=\"start\"><span style=\"font-size:16px\">Aliexpress, nous sommes s\u00fbrs que vous serez satisfaits de notre r\u00e9ponse.<\/span><\/div>\n<div style=\"font-family:arial;font-size:13.3333px;font-weight:400;letter-spacing:normal;line-height:inherit;text-align:start;border:0px;margin:0px;margin-bottom:0px;margin-top:0px;margin-left:0px;margin-right:0px;padding:0px;padding-bottom:0px;padding-top:0px;padding-left:0px;padding-right:0px\" align=\"start\"><span style=\"font-size:16px\">\u00a0Nous vous invitons \u00e0 commander \u00e0 nouveau et nous vous ferons b\u00e9n\u00e9ficier d'une remise suppl\u00e9mentaire.<\/span><\/div>\n<p style=\"text-align:left;margin:0px;margin-bottom:0px;margin-top:0px;margin-left:0px;margin-right:0px\" align=\"left\"><img decoding=\"async\" src=\"https:\/\/ae01.alicdn.com\/kf\/S5b26368d866b48c1b88fd35c6ac041b0p.jpg?width=810&amp;height=602&amp;hash=1412\" \/><\/p>\n<\/div>\n<\/div>\n<\/div>\n<\/div>\n<\/div>\n<\/div>\n<p><\/p>","protected":false},"excerpt":{"rendered":"<p>NOTE!!! 1.PAYMENT\u00a0\u00a0 \u00a0 After you cancelled the order, money will back to your account within 1-15 business days2.SHIPPING\u00a0\u00a0 \u00a0 please confirm your address before payment.We will send the items within 3 Business days once your payment is completed. (Holidays may be extended)3.RETURN POLICY\u00a0 \u00a0 Customer should return items in original condition within 3 days if [&#8230;]","protected":false},"featured_media":22262,"comment_status":"open","ping_status":"closed","template":"","meta":[],"product_brand":[],"product_cat":[],"product_tag":[],"class_list":{"0":"post-22261","1":"product","2":"type-product","3":"status-publish","4":"has-post-thumbnail","6":"pa_color-winter-bootsblack","7":"pa_color-black","9":"first","10":"instock","11":"shipping-taxable","12":"purchasable","13":"product-type-variable"},"_links":{"self":[{"href":"https:\/\/foyeye.com\/fr\/wp-json\/wp\/v2\/product\/22261","targetHints":{"allow":["GET"]}}],"collection":[{"href":"https:\/\/foyeye.com\/fr\/wp-json\/wp\/v2\/product"}],"about":[{"href":"https:\/\/foyeye.com\/fr\/wp-json\/wp\/v2\/types\/product"}],"replies":[{"embeddable":true,"href":"https:\/\/foyeye.com\/fr\/wp-json\/wp\/v2\/comments?post=22261"}],"version-history":[{"count":0,"href":"https:\/\/foyeye.com\/fr\/wp-json\/wp\/v2\/product\/22261\/revisions"}],"wp:featuredmedia":[{"embeddable":true,"href":"https:\/\/foyeye.com\/fr\/wp-json\/wp\/v2\/media\/22262"}],"wp:attachment":[{"href":"https:\/\/foyeye.com\/fr\/wp-json\/wp\/v2\/media?parent=22261"}],"wp:term":[{"taxonomy":"product_brand","embeddable":true,"href":"https:\/\/foyeye.com\/fr\/wp-json\/wp\/v2\/product_brand?post=22261"},{"taxonomy":"product_cat","embeddable":true,"href":"https:\/\/foyeye.com\/fr\/wp-json\/wp\/v2\/product_cat?post=22261"},{"taxonomy":"product_tag","embeddable":true,"href":"https:\/\/foyeye.com\/fr\/wp-json\/wp\/v2\/product_tag?post=22261"}],"curies":[{"name":"wp","href":"https:\/\/api.w.org\/{rel}","templated":true}]}}